{"id":94,"date":"2012-07-26T19:37:47","date_gmt":"2012-07-26T19:37:47","guid":{"rendered":"https:\/\/web77.atmexx.de\/?page_id=94"},"modified":"2012-07-26T19:37:47","modified_gmt":"2012-07-26T19:37:47","slug":"impressum","status":"publish","type":"page","link":"https:\/\/staging25.judith-eggers.de\/index.php\/impressum\/","title":{"rendered":"Impressum"},"content":{"rendered":"<table border=\"0\" width=\"680\" cellspacing=\"0\" cellpadding=\"0\">\n<tbody>\n<tr>\n<td valign=\"bottom\" width=\"680\"><b>Impressum<\/b><\/p>\n<p><b>Angaben gem\u00e4\u00df \u00a7 5 TMG<\/b><\/p>\n<p>Judith Eggers<\/p>\n<p>Karrierecoaching &#8211; berufliche Neuorientierung &#8211; Sparring f\u00fcr F\u00fchrungskr\u00e4fte<\/p>\n<p>Kuckucksheide 18<\/p>\n<p>29308 Winsen (Aller)<\/p>\n<p><b>Kontakt<\/b><\/p>\n<p>Telefon: +49 (0) 5143 6693070<\/p>\n<p>E-Mail: info@judith-eggers.com<\/p>\n<p><b>Umsatzsteuer-ID<\/b><\/p>\n<p>Umsatzsteuer-Identifikationsnummer gem\u00e4\u00df \u00a7 27 a Umsatzsteuergesetz: DE 172044681<\/p>\n<p><b>Redaktionell verantwortlich<\/b><\/p>\n<p>Judith Eggers<\/p>\n<p>Kuckucksheide 18<\/p>\n<p>29308 Winsen (Aller)<\/p>\n<p><span style=\"font-weight: var(--g-regular-weight,normal);\">dieses Impressum gilt auch f\u00fcr folgende Seiten<\/span><\/td>\n<\/tr>\n<\/tbody>\n<\/table>\n<p>https:\/\/www.facebook.com\/Judith.Karrierecoach<\/p>\n<p><a style=\"outline: none;\" href=\"https:\/\/www.linkedin.com\/in\/juditheggers\/\">https:\/\/www.linkedin.com\/in\/juditheggers\/<\/a><\/p>\n<p><a style=\"outline: none;\" href=\"https:\/\/www.xing.com\/profile\/Judith_Eggers\/\">https:\/\/www.xing.com\/profile\/Judith_Eggers\/<\/a><\/p>\n<p><a style=\"outline: none;\" href=\"https:\/\/www.pinterest.de\/juditheggers_coach\/\">https:\/\/pinterest.de\/juditheggers_coach\/<\/a><\/p>\n<table border=\"0\" width=\"680\" cellspacing=\"0\" cellpadding=\"0\">\n<tbody>\n<tr>\n<td valign=\"bottom\" width=\"680\"><b>EU-Streitschlichtung<\/b><\/p>\n<p>Die Europ\u00e4ische Kommission stellt eine Plattform zur Online-Streitbeilegung (OS) bereit:\u00a0<a style=\"outline: none;\" href=\"https:\/\/ec.europa.eu\/consumers\/odr\/\">https:\/\/ec.europa.eu\/consumers\/odr\/<\/a>.<\/p>\n<p>Unsere E-Mail-Adresse finden Sie oben im Impressum.<\/p>\n<p><b>Verbraucherstreitbeilegung\/Universalschlichtungsstelle<\/b><\/p>\n<p>Wir sind nicht bereit oder verpflichtet, an Streitbeilegungsverfahren vor einer Verbraucherschlichtungsstelle teilzunehmen.<\/p>\n<p>Quelle:<\/td>\n<\/tr>\n<\/tbody>\n<\/table>\n<table border=\"0\" width=\"680\" cellspacing=\"0\" cellpadding=\"0\">\n<tbody>\n<tr>\n<td valign=\"top\" width=\"680\"><a style=\"outline: none;\" href=\"https:\/\/www.e-recht24.de\/\">e-recht24.de<\/a><\/td>\n<\/tr>\n<\/tbody>\n<\/table>\n<p><img loading=\"lazy\" decoding=\"async\" src=\"https:\/\/judith-eggers.com\/wp-content\/uploads\/erecht24-siegel-impressum.png\" alt=\"\" width=\"120\" height=\"156\" \/><\/p>\n<p>Bildnachweis:<\/p>\n<p>Portr\u00e4t-Fotos von Judith Eggers<\/p>\n<p>durch den professionellen und empathischen Fotografen Daniel M\u00f6ller <a style=\"outline: none;\" href=\"https:\/\/www.fotodanielmoeller.de\/\" target=\"_blank\" rel=\"noopener\">https:\/\/www.fotodanielmoeller.de\/<\/a><\/p>\n<p>\u00a9 Werner Schwehm \u2013 Fotolia.com\u00a9 linous \u2013 Fotolia.com\u00a9 James Thew \u2013 Fotolia.com\u00a9 endostock \u2013 Fotolia.com\u00a9 MissMedia \u2013 Fotolia.com\u00a9 Jens Hertel \u2013 Fotolia.com\u00a9 L.F.otography \u2013 Fotolia.com\u00a9 ruemue \u2013 Fotolia.com\u00a9 Traveler \u2013 Fotolia.com\u00a9 Karin Jehle \u2013 Fotolia.com\u00a9 pier giovanni Fotolia.com\u00a9 Tarzoun \u2013 fotolia.com\u00a9 imaginis \u2013 Fotolia.com\u00a9 synto \u2013 Fotolia.com\u00a9 Donnerbold \u2013 Fotolia.com\u00a9 Antje Lindert-Rottke \u2013 Fotolia.com\u00a9 Wiski \u2013 Fotolia.com<\/p>\n<p>Foto von Kaique Rocha von Pexels<\/p>\n<p>\u00a9 linous \u2013 fotolia.com\u00a9 PHOTOPOLITAIN \u2013 fotolia.com\u00a9 dp@pic \u2013 fotolia.com\u00a9 litchi cyril \u2013 fotolia.com\u00a9 aytuncoylum -\u2013 fotolia.com\u00a9 pattilabelle \u2013 fotolia.com\u00a9 ExQuisine -\u2013 fotolia.com\u00a9 Federico Rostagno \u2013 fotolia.com\u00a9 biker3 \u2013 fotolia.com<\/p>\n<p>\u00a9Photo by Samuel Zeller on Unsplash\u00a9Photo by Jordan Ladikos on Unsplash\u00a9Photo by Danielle MacInnes on Unsplash<\/p>\n","protected":false},"excerpt":{"rendered":"<p>Impressum Angaben gem\u00e4\u00df \u00a7 5 TMG Judith Eggers Karrierecoaching &#8211; berufliche Neuorientierung &#8211; Sparring f\u00fcr F\u00fchrungskr\u00e4fte Kuckucksheide 18 29308 Winsen (Aller) Kontakt Telefon: +49 (0) 5143 6693070 E-Mail: info@judith-eggers.com Umsatzsteuer-ID Umsatzsteuer-Identifikationsnummer gem\u00e4\u00df \u00a7 27 a Umsatzsteuergesetz: DE 172044681 Redaktionell verantwortlich Judith Eggers Kuckucksheide 18 29308 Winsen (Aller) dieses Impressum gilt auch f\u00fcr folgende Seiten https:\/\/www.facebook.com\/Judith.Karrierecoach &#8230; <a title=\"Impressum\" class=\"read-more\" href=\"https:\/\/staging25.judith-eggers.de\/index.php\/impressum\/\" aria-label=\"Mehr Informationen \u00fcber Impressum\">Weiterlesen<\/a><\/p>\n","protected":false},"author":1,"featured_media":0,"parent":0,"menu_order":55,"comment_status":"closed","ping_status":"closed","template":"","meta":{"footnotes":""},"class_list":["post-94","page","type-page","status-publish"],"_links":{"self":[{"href":"https:\/\/staging25.judith-eggers.de\/index.php\/wp-json\/wp\/v2\/pages\/94","targetHints":{"allow":["GET"]}}],"collection":[{"href":"https:\/\/staging25.judith-eggers.de\/index.php\/wp-json\/wp\/v2\/pages"}],"about":[{"href":"https:\/\/staging25.judith-eggers.de\/index.php\/wp-json\/wp\/v2\/types\/page"}],"author":[{"embeddable":true,"href":"https:\/\/staging25.judith-eggers.de\/index.php\/wp-json\/wp\/v2\/users\/1"}],"replies":[{"embeddable":true,"href":"https:\/\/staging25.judith-eggers.de\/index.php\/wp-json\/wp\/v2\/comments?post=94"}],"version-history":[{"count":0,"href":"https:\/\/staging25.judith-eggers.de\/index.php\/wp-json\/wp\/v2\/pages\/94\/revisions"}],"wp:attachment":[{"href":"https:\/\/staging25.judith-eggers.de\/index.php\/wp-json\/wp\/v2\/media?parent=94"}],"curies":[{"name":"wp","href":"https:\/\/api.w.org\/{rel}","templated":true}]}}