{"id":228621,"date":"2026-02-12T19:59:05","date_gmt":"2026-02-12T18:59:05","guid":{"rendered":"https:\/\/judith-eggers.de\/?page_id=228621"},"modified":"2026-02-12T19:59:05","modified_gmt":"2026-02-12T18:59:05","slug":"nl-registrierung-bestatigt","status":"publish","type":"page","link":"https:\/\/staging25.judith-eggers.de\/index.php\/nl-registrierung-bestatigt\/","title":{"rendered":"NL- Registrierung best\u00e4tigt (Dopin)"},"content":{"rendered":"<p><span><img decoding=\"async\" alt=\"\u00fcber mich\" data-id=\"227237\" width=\"284\" data-init-width=\"2400\" height=\"284\" data-init-height=\"2400\" title=\"Judith Eggers \u00dcber mich\" loading=\"lazy\" src=\"https:\/\/staging25.judith-eggers.de\/wp-content\/uploads\/Judith-Lila-haende.jpg\" data-width=\"284\" data-height=\"284\" style=\"aspect-ratio: auto 2400 \/ 2400;\"><\/span><\/p>\n<h2 style=\"\">Vielen Dank f\u00fcr die Best\u00e4tigung Ihre Anmeldung zu meinem Newsletter<\/h2>\n<\/p>\n<p style=\"text-align: center;\"><strong><em>Karriere-Kompass<\/em><\/strong><\/p>\n<p>Ich freue mich, dass Sie dabei sind.Mit der n\u00e4chsten Mail erhalten Sie das Workbook &#8222;Werte leben&#8220; &#8211; Viele Aha-Momente damit.<\/p>\n<p>Herzliche Gr\u00fc\u00dfe<\/p>\n<p>Ihre&nbsp;Judith Eggers<\/p>\n<p>Wenn Sie jetzt sofort Klarheit wollen &#8211; hier k\u00f6nnen Sie sich direkt einen Termin mit mir buchen<\/p><\/p>\n","protected":false},"excerpt":{"rendered":"<p>Vielen Dank f\u00fcr die Best\u00e4tigung Ihre Anmeldung zu meinem Newsletter Karriere-Kompass Ich freue mich, dass Sie dabei sind.Mit der n\u00e4chsten Mail erhalten Sie das Workbook &#8222;Werte leben&#8220; &#8211; Viele Aha-Momente damit. Herzliche Gr\u00fc\u00dfe Ihre&nbsp;Judith Eggers Wenn Sie jetzt sofort Klarheit wollen &#8211; hier k\u00f6nnen Sie sich direkt einen Termin mit mir buchen<\/p>\n","protected":false},"author":1,"featured_media":0,"parent":0,"menu_order":17,"comment_status":"closed","ping_status":"closed","template":"","meta":{"footnotes":""},"class_list":["post-228621","page","type-page","status-publish"],"_links":{"self":[{"href":"https:\/\/staging25.judith-eggers.de\/index.php\/wp-json\/wp\/v2\/pages\/228621","targetHints":{"allow":["GET"]}}],"collection":[{"href":"https:\/\/staging25.judith-eggers.de\/index.php\/wp-json\/wp\/v2\/pages"}],"about":[{"href":"https:\/\/staging25.judith-eggers.de\/index.php\/wp-json\/wp\/v2\/types\/page"}],"author":[{"embeddable":true,"href":"https:\/\/staging25.judith-eggers.de\/index.php\/wp-json\/wp\/v2\/users\/1"}],"replies":[{"embeddable":true,"href":"https:\/\/staging25.judith-eggers.de\/index.php\/wp-json\/wp\/v2\/comments?post=228621"}],"version-history":[{"count":0,"href":"https:\/\/staging25.judith-eggers.de\/index.php\/wp-json\/wp\/v2\/pages\/228621\/revisions"}],"wp:attachment":[{"href":"https:\/\/staging25.judith-eggers.de\/index.php\/wp-json\/wp\/v2\/media?parent=228621"}],"curies":[{"name":"wp","href":"https:\/\/api.w.org\/{rel}","templated":true}]}}