{"id":228310,"date":"2025-07-19T15:21:39","date_gmt":"2025-07-19T15:21:39","guid":{"rendered":"https:\/\/judith-eggers.de\/?page_id=228310"},"modified":"2025-07-19T15:21:39","modified_gmt":"2025-07-19T15:21:39","slug":"magazin-ausgabe-1-archiv","status":"publish","type":"page","link":"https:\/\/staging25.judith-eggers.de\/index.php\/magazin-ausgabe-1-archiv\/","title":{"rendered":"KarriereKompass-Archiv"},"content":{"rendered":"<h1 style=\"text-align: center;\"><span style=\"--tcb-applied-color: rgb(255, 255, 255) !important; color: rgb(255, 255, 255) !important;\">Karriere Kompass &#8211; Das Archiv<\/span><\/h1>\n<p style=\"text-align: center;\"><span style=\"color: rgb(255, 255, 255) !important;\"><span style=\"--tcb-applied-color: rgb(255, 255, 255) !important;\">Alle Ausgaben im \u00dcberblick<\/span><\/span><\/p>\n<p style=\"text-align: center;\"><span style=\"color: rgb(255, 255, 255) !important;\"><span style=\"--tcb-applied-color: rgb(255, 255, 255) !important;\">Hier finden Sie alle \u2013 bisher ver\u00f6ffentlichten \u2013 Ausgaben meines Newsletter-Magazins<span>&nbsp;<\/span><strong><span>KarriereKompass<\/span><\/strong><\/span><\/span><\/p>\n<p style=\"text-align: center;\"><span style=\"color: rgb(255, 255, 255) !important;\"><span style=\"--tcb-applied-color: rgb(255, 255, 255) !important;\">Das Magazin f\u00fcr Menschen,die beruflich Klarheit suchen und F\u00fchrung wirksam gestalten wollen.<\/span><\/span><\/p>\n<p style=\"text-align: center;\"><span style=\"color: rgb(255, 255, 255) !important;\"><span style=\"--tcb-applied-color: rgb(255, 255, 255) !important;\">Der Karrierekompass erscheint 4-5 Mal pro Jahr<\/span><\/span><\/p>\n<p style=\"text-align: center;\"><strong><span style=\"--tcb-applied-color: rgb(10, 64, 116) !important; color: rgb(10, 64, 116) !important;\"><\/span><\/strong><\/p>\n<p style=\"text-align: center;\"><strong><span style=\"--tcb-applied-color: rgb(10, 64, 116) !important; color: rgb(10, 64, 116) !important;\">Mit einem Klick auf das Titelbild \u00f6ffnet sich die Ausgabe<\/span><\/strong><\/p>\n<p><span><a href=\"https:\/\/staging25.judith-eggers.de\/blog\/3d-flip-book\/228390\" target=\"_blank\"><img decoding=\"async\" alt=\"Juli 2025\" data-id=\"228279\" width=\"347\" data-init-width=\"1414\" height=\"491\" data-init-height=\"2000\" title=\"Ausgabe 1\" loading=\"lazy\" src=\"https:\/\/staging25.judith-eggers.de\/wp-content\/uploads\/KK-cover-7-2025.jpg\" data-width=\"347\" data-height=\"491\" style=\"aspect-ratio: auto 1414 \/ 2000;\" data-link-wrap=\"true\"><\/a><\/span><\/p>\n<p style=\"\"><strong><\/strong>Ausg<strong><\/strong>abe 1 &#8211; Juli 2025<\/p>\n<h2><strong>Das erwartet Sie unter anderem:<\/strong><\/h2>\n<ul>\n<li><strong>Berufliche Klarheit<\/strong>: Wie Sie Ihr pers\u00f6nliches \u201eWarum\u201c entdecken \u2013 mit konkreten Reflexionsfragen<strong><\/strong><\/li>\n<li><strong>Lebenslauf-Check<\/strong>: Was HR wirklich interessiert \u2013 und wie Sie mit einem starken Lebenslauf \u00fcberzeugen<strong><\/strong><\/li>\n<li><strong>F\u00fchrung konkret<\/strong>: Vom ersten Team bis zum agilen Arbeiten \u2013 was gute Chefs besser machen<\/li>\n<li><strong>Coaching ohne Klischees<\/strong>: Was Coaching leisten kann (und was nicht)<strong><\/strong><\/li>\n<li><strong>Plus<\/strong>: Ein sehr pers\u00f6nlicher Blick hinter die Kulissen \u2013 mit Garten, Hund und Haltung<\/li>\n<\/ul>\n<p>\ud83d\udc49 <em>Lesen Sie rein \u2013 f\u00fcr neue Impulse, ehrliche Einblicke und den Mut, beruflich klar Kurs zu setzen.<\/em><\/p>\n","protected":false},"excerpt":{"rendered":"<p>Karriere Kompass &#8211; Das Archiv Alle Ausgaben im \u00dcberblick Hier finden Sie alle \u2013 bisher ver\u00f6ffentlichten \u2013 Ausgaben meines Newsletter-Magazins&nbsp;KarriereKompass Das Magazin f\u00fcr Menschen,die beruflich Klarheit suchen und F\u00fchrung wirksam gestalten wollen. Der Karrierekompass erscheint 4-5 Mal pro Jahr Mit einem Klick auf das Titelbild \u00f6ffnet sich die Ausgabe Ausgabe 1 &#8211; Juli 2025 Das &#8230; <a title=\"KarriereKompass-Archiv\" class=\"read-more\" href=\"https:\/\/staging25.judith-eggers.de\/index.php\/magazin-ausgabe-1-archiv\/\" aria-label=\"Mehr Informationen \u00fcber KarriereKompass-Archiv\">Weiterlesen<\/a><\/p>\n","protected":false},"author":1,"featured_media":0,"parent":0,"menu_order":0,"comment_status":"closed","ping_status":"closed","template":"","meta":{"footnotes":""},"class_list":["post-228310","page","type-page","status-publish"],"_links":{"self":[{"href":"https:\/\/staging25.judith-eggers.de\/index.php\/wp-json\/wp\/v2\/pages\/228310","targetHints":{"allow":["GET"]}}],"collection":[{"href":"https:\/\/staging25.judith-eggers.de\/index.php\/wp-json\/wp\/v2\/pages"}],"about":[{"href":"https:\/\/staging25.judith-eggers.de\/index.php\/wp-json\/wp\/v2\/types\/page"}],"author":[{"embeddable":true,"href":"https:\/\/staging25.judith-eggers.de\/index.php\/wp-json\/wp\/v2\/users\/1"}],"replies":[{"embeddable":true,"href":"https:\/\/staging25.judith-eggers.de\/index.php\/wp-json\/wp\/v2\/comments?post=228310"}],"version-history":[{"count":0,"href":"https:\/\/staging25.judith-eggers.de\/index.php\/wp-json\/wp\/v2\/pages\/228310\/revisions"}],"wp:attachment":[{"href":"https:\/\/staging25.judith-eggers.de\/index.php\/wp-json\/wp\/v2\/media?parent=228310"}],"curies":[{"name":"wp","href":"https:\/\/api.w.org\/{rel}","templated":true}]}}