{"id":228237,"date":"2025-06-30T18:24:39","date_gmt":"2025-06-30T16:24:39","guid":{"rendered":"https:\/\/judith-eggers.de\/?page_id=228237"},"modified":"2025-06-30T18:24:39","modified_gmt":"2025-06-30T16:24:39","slug":"bestaetigung-kontaktformular","status":"publish","type":"page","link":"https:\/\/staging25.judith-eggers.de\/index.php\/bestaetigung-kontaktformular\/","title":{"rendered":"Best\u00e4tigung &#8211; Kontaktformular"},"content":{"rendered":"<p><img loading=\"lazy\" decoding=\"async\" style=\"aspect-ratio: auto 1414 \/ 2000;\" title=\"Landingpage Karriere Kompass-2\" src=\"https:\/\/staging25.judith-eggers.de\/wp-content\/uploads\/Landingpage-Karriere-Kompass-2.png\" alt=\"\" width=\"209\" height=\"296\" data-id=\"228094\" data-init-width=\"1414\" data-init-height=\"2000\" data-width=\"209\" data-height=\"296\" \/><\/p>\n<h1 style=\"text-align: left;\">Das kostenlose<\/h1>\n<h1 style=\"text-align: left;\">Newsletter-Magazin<\/h1>\n<h1 style=\"text-align: left;\" data-hide=\"true\">f\u00fcr berufliche Klarheit<\/h1>\n<h1 style=\"text-align: left;\">und wirksame F\u00fchrung<\/h1>\n<p><img loading=\"lazy\" decoding=\"async\" style=\"aspect-ratio: auto 2400 \/ 2400;\" title=\"\u00dcber mich\" src=\"https:\/\/staging25.judith-eggers.de\/wp-content\/uploads\/Judith-b-w-Fenster.jpg\" alt=\"Sparring\" width=\"426\" height=\"426\" data-id=\"227233\" data-init-width=\"2400\" data-init-height=\"2400\" data-width=\"426\" data-height=\"426\" \/><\/p>\n<h2 style=\"text-align: center;\"><\/h2>\n<h2 style=\"text-align: center;\">Vielen Dank f\u00fcr Ihre Kontaktanfrage \u2013 ich werde mich so schnell wie m\u00f6glich bei Ihnen melden.<\/h2>\n<p style=\"text-align: center;\">Im Juli 2025 erscheint die erste Ausgabe meines Online-Magazins &#8222;Karriere-Kompass&#8220;<\/p>\n<p style=\"text-align: center;\">Falls Sie dabei sein wollen, k\u00f6nnen Sie sich hier anmelden.<\/p>\n","protected":false},"excerpt":{"rendered":"<p>Das kostenlose Newsletter-Magazin f\u00fcr berufliche Klarheit und wirksame F\u00fchrung Vielen Dank f\u00fcr Ihre Kontaktanfrage \u2013 ich werde mich so schnell wie m\u00f6glich bei Ihnen melden. Im Juli 2025 erscheint die erste Ausgabe meines Online-Magazins &#8222;Karriere-Kompass&#8220; Falls Sie dabei sein wollen, k\u00f6nnen Sie sich hier anmelden.<\/p>\n","protected":false},"author":1,"featured_media":0,"parent":0,"menu_order":43,"comment_status":"closed","ping_status":"closed","template":"","meta":{"footnotes":""},"class_list":["post-228237","page","type-page","status-publish"],"_links":{"self":[{"href":"https:\/\/staging25.judith-eggers.de\/index.php\/wp-json\/wp\/v2\/pages\/228237","targetHints":{"allow":["GET"]}}],"collection":[{"href":"https:\/\/staging25.judith-eggers.de\/index.php\/wp-json\/wp\/v2\/pages"}],"about":[{"href":"https:\/\/staging25.judith-eggers.de\/index.php\/wp-json\/wp\/v2\/types\/page"}],"author":[{"embeddable":true,"href":"https:\/\/staging25.judith-eggers.de\/index.php\/wp-json\/wp\/v2\/users\/1"}],"replies":[{"embeddable":true,"href":"https:\/\/staging25.judith-eggers.de\/index.php\/wp-json\/wp\/v2\/comments?post=228237"}],"version-history":[{"count":0,"href":"https:\/\/staging25.judith-eggers.de\/index.php\/wp-json\/wp\/v2\/pages\/228237\/revisions"}],"wp:attachment":[{"href":"https:\/\/staging25.judith-eggers.de\/index.php\/wp-json\/wp\/v2\/media?parent=228237"}],"curies":[{"name":"wp","href":"https:\/\/api.w.org\/{rel}","templated":true}]}}