{"id":228184,"date":"2025-05-28T18:01:15","date_gmt":"2025-05-28T16:01:15","guid":{"rendered":"https:\/\/judith-eggers.de\/?page_id=228184"},"modified":"2025-05-28T18:01:15","modified_gmt":"2025-05-28T16:01:15","slug":"bestaetigung-aha-momente","status":"publish","type":"page","link":"https:\/\/staging25.judith-eggers.de\/index.php\/bestaetigung-aha-momente\/","title":{"rendered":"Best\u00e4tigung &#8211; Aha Momente"},"content":{"rendered":"<p><img loading=\"lazy\" decoding=\"async\" style=\"aspect-ratio: auto 1414 \/ 2000;\" title=\"Landingpage Karriere Kompass-2\" src=\"https:\/\/staging25.judith-eggers.de\/wp-content\/uploads\/Landingpage-Karriere-Kompass-2.png\" alt=\"\" width=\"209\" height=\"296\" data-id=\"228094\" data-init-width=\"1414\" data-init-height=\"2000\" data-width=\"209\" data-height=\"296\" \/><\/p>\n<h1 style=\"text-align: left;\">Das kostenlose<\/h1>\n<h1 style=\"text-align: left;\">Newsletter-Magazin<\/h1>\n<h1 style=\"text-align: left;\" data-hide=\"true\">f\u00fcr berufliche Klarheit<\/h1>\n<h1 style=\"text-align: left;\">und wirksame F\u00fchrung<\/h1>\n<p><img loading=\"lazy\" decoding=\"async\" style=\"aspect-ratio: auto 2400 \/ 2400;\" title=\"\u00dcber mich\" src=\"https:\/\/staging25.judith-eggers.de\/wp-content\/uploads\/Judith-b-w-Fenster.jpg\" alt=\"Sparring\" width=\"291\" height=\"291\" data-id=\"227233\" data-init-width=\"2400\" data-init-height=\"2400\" data-width=\"291\" data-height=\"291\" \/><\/p>\n<h2 style=\"text-align: left;\">Fast geschafft! &#8211; Das Newsletter-Magazin ist nur noch einen Klick entfernt.<\/h2>\n<p style=\"text-align: center;\"><strong>Schritt 1<\/strong>Sie bekommen von mir eine E-Mail.<\/p>\n<p style=\"text-align: center;\"><strong><span style=\"font-size: 17px;\">Schritt 2<\/span><\/strong><\/p>\n<p style=\"text-align: center;\"><span style=\"font-size: 17px;\">Bitte \u00f6ffnen Sie diese E-Mail.<\/span><\/p>\n<p style=\"text-align: center;\"><strong>Schritt 3<\/strong><\/p>\n<p style=\"text-align: center;\">Bitte best\u00e4tigen Sie, dass ich Ihnen den Karriere-Kompass zusenden darf.<\/p>\n<p style=\"text-align: center;\">Sie finden die Best\u00e4tigungsmail nicht?<\/p>\n<p style=\"text-align: center;\">Schauen Sie bitte in Ihrem Spam-Ordner nach, manchmal versteckt sich dort meine Best\u00e4tigungsmail.<\/p>\n<p style=\"text-align: center;\">Falls Sie dort nichts finden, schicken Sie mir bitte eine Email, damit wir das Problem schnell l\u00f6sen.<\/p>\n<p style=\"text-align: center;\">Email:\u00a0<span style=\"color: #fb8600 !important;\"><span style=\"--tcb-applied-color: #fb8600 !important;\">kontakt@judith-eggers.de<\/span><\/span><\/p>\n","protected":false},"excerpt":{"rendered":"<p>Das kostenlose Newsletter-Magazin f\u00fcr berufliche Klarheit und wirksame F\u00fchrung Fast geschafft! &#8211; Das Newsletter-Magazin ist nur noch einen Klick entfernt. Schritt 1Sie bekommen von mir eine E-Mail. Schritt 2 Bitte \u00f6ffnen Sie diese E-Mail. Schritt 3 Bitte best\u00e4tigen Sie, dass ich Ihnen den Karriere-Kompass zusenden darf. Sie finden die Best\u00e4tigungsmail nicht? Schauen Sie bitte in &#8230; <a title=\"Best\u00e4tigung &#8211; Aha Momente\" class=\"read-more\" href=\"https:\/\/staging25.judith-eggers.de\/index.php\/bestaetigung-aha-momente\/\" aria-label=\"Mehr Informationen \u00fcber Best\u00e4tigung &#8211; Aha Momente\">Weiterlesen<\/a><\/p>\n","protected":false},"author":1,"featured_media":0,"parent":0,"menu_order":43,"comment_status":"closed","ping_status":"closed","template":"","meta":{"footnotes":""},"class_list":["post-228184","page","type-page","status-publish"],"_links":{"self":[{"href":"https:\/\/staging25.judith-eggers.de\/index.php\/wp-json\/wp\/v2\/pages\/228184","targetHints":{"allow":["GET"]}}],"collection":[{"href":"https:\/\/staging25.judith-eggers.de\/index.php\/wp-json\/wp\/v2\/pages"}],"about":[{"href":"https:\/\/staging25.judith-eggers.de\/index.php\/wp-json\/wp\/v2\/types\/page"}],"author":[{"embeddable":true,"href":"https:\/\/staging25.judith-eggers.de\/index.php\/wp-json\/wp\/v2\/users\/1"}],"replies":[{"embeddable":true,"href":"https:\/\/staging25.judith-eggers.de\/index.php\/wp-json\/wp\/v2\/comments?post=228184"}],"version-history":[{"count":0,"href":"https:\/\/staging25.judith-eggers.de\/index.php\/wp-json\/wp\/v2\/pages\/228184\/revisions"}],"wp:attachment":[{"href":"https:\/\/staging25.judith-eggers.de\/index.php\/wp-json\/wp\/v2\/media?parent=228184"}],"curies":[{"name":"wp","href":"https:\/\/api.w.org\/{rel}","templated":true}]}}