{"id":228119,"date":"2025-04-14T18:26:05","date_gmt":"2025-04-14T16:26:05","guid":{"rendered":"https:\/\/judith-eggers.de\/?page_id=228119"},"modified":"2025-04-14T18:26:05","modified_gmt":"2025-04-14T16:26:05","slug":"vorstellungsgespraech-coaching","status":"publish","type":"page","link":"https:\/\/staging25.judith-eggers.de\/index.php\/vorstellungsgespraech-coaching\/","title":{"rendered":"Vorstellungsgespr\u00e4chs-Coaching"},"content":{"rendered":"<h1 style=\"\"><strong><span>Vorstellungsgespr\u00e4ch-Coaching<\/span><\/strong><\/h1>\n<p style=\"text-align: center;\"><strong><em>selbstbewusst auftreten&nbsp;<\/em><\/strong><\/p>\n<p style=\"text-align: center;\"><strong><em>und \u00fcberzeugen<\/em><\/strong><\/p>\n<p style=\"\"><strong>Sie stehen kurz vor einem Vorstellungsgespr\u00e4ch? &#8211; M\u00f6chten sich gezielt auf kommende Bewerbungsgespr\u00e4che vorbereiten?<\/strong>Dann sind Sie hier genau richtig.<\/p>\n<p>Als erfahrener Karrierecoach begleite ich Fach- und F\u00fchrungskr\u00e4fte dabei, ihre St\u00e4rken klar zu zeigen, souver\u00e4n aufzutreten \u2013 und herauszufinden, ob der neue Job wirklich zu ihnen passt.<\/p>\n<h2 style=\"text-align: center;\"><strong>Typische Herausforderungen vor dem Vorstellungsgespr\u00e4ch<\/strong><\/h2>\n<ul>\n<li><!--! Font Awesome Free 6.7.1 by @fontawesome - https:\/\/fontawesome.com License - https:\/\/fontawesome.com\/license\/free (Icons: CC BY 4.0, Fonts: SIL OFL 1.1, Code: MIT License) Copyright 2024 Fonticons, Inc. --><span style=\"\">Ihr letztes Vorstellungsgespr\u00e4ch ist lange her. Sie sind unsicher, wie es ablaufen wird und was Sie auf bestimmte Fragen antworten sollen?<\/span><\/li>\n<li><!--! Font Awesome Free 6.7.1 by @fontawesome - https:\/\/fontawesome.com License - https:\/\/fontawesome.com\/license\/free (Icons: CC BY 4.0, Fonts: SIL OFL 1.1, Code: MIT License) Copyright 2024 Fonticons, Inc. --><span style=\"\">Sie wollen bestimmte Aspekte in Ihrem im Lebenslauf souver\u00e4n erkl\u00e4ren?<\/span><\/li>\n<li><!--! Font Awesome Free 6.7.1 by @fontawesome - https:\/\/fontawesome.com License - https:\/\/fontawesome.com\/license\/free (Icons: CC BY 4.0, Fonts: SIL OFL 1.1, Code: MIT License) Copyright 2024 Fonticons, Inc. --><span style=\"\">Sie m\u00f6chten Ihre St\u00e4rken selbstbewusst zeigen, ohne arrogant zu wirken<\/span><\/li>\n<\/ul>\n<ul>\n<li><!--! Font Awesome Free 6.7.1 by @fontawesome - https:\/\/fontawesome.com License - https:\/\/fontawesome.com\/license\/free (Icons: CC BY 4.0, Fonts: SIL OFL 1.1, Code: MIT License) Copyright 2024 Fonticons, Inc. --><span style=\"\">Welche Fragen sollten Sie stellen, um m\u00f6glichst viel \u00fcber das Unternehmen und die Stelle zu erfahren.<\/span><\/li>\n<li><!--! Font Awesome Free 6.7.1 by @fontawesome - https:\/\/fontawesome.com License - https:\/\/fontawesome.com\/license\/free (Icons: CC BY 4.0, Fonts: SIL OFL 1.1, Code: MIT License) Copyright 2024 Fonticons, Inc. --><span style=\"\">Sie sind aufgeregt und unsicher und w\u00fcnschen sich mehr Gelassenheit f\u00fcr das Gespr\u00e4ch?<\/span><\/li>\n<li><!--! Font Awesome Free 6.7.1 by @fontawesome - https:\/\/fontawesome.com License - https:\/\/fontawesome.com\/license\/free (Icons: CC BY 4.0, Fonts: SIL OFL 1.1, Code: MIT License) Copyright 2024 Fonticons, Inc. --><span style=\"\">Sie sind auf der Suche nach einem neuen Job? Sie erhalten h\u00e4ufig Einladungen zu Bewerbungs-gespr\u00e4chen. Bisher haben Sie noch kein Angebot erhalten. Sie fragen sich: Warum klappt es nicht? &#8211; Liegt es an mir? &#8211; Mache ich etwas falsch?<\/span><\/li>\n<\/ul>\n<h2><strong>Ein Bewerbungsgespr\u00e4ch ist mehr als eine Pr\u00fcfung<\/strong><\/h2>\n<p>In einem Bewerbungsgespr\u00e4ch haben beide Seiten die gleichen Interessen \u2013 sich gegenseitig besser kennenzulernen.<\/p>\n<p>Es geht nicht nur darum, sich selbst zu repr\u00e4sentieren.<\/p>\n<p>Sie pr\u00fcfen auch, ob der Job und die Unternehmenskultur zu Ihnen passen.<\/p>\n<p><strong> <\/strong>Was bringt ein erfolgreiches Vorstellungsgespr\u00e4ch, wenn der Job nicht erf\u00fcllend ist?<\/p>\n<p><!--[if !supportLineBreakNewLine]--><\/p>\n<h3 style=\"\">Das Ziel<strong><\/strong><span style=\"font-size: 22px !important;\">Ein Vorstellungsgespr\u00e4ch, in dem Sie authentisch sind, sich klar positionieren \u2013 und <strong>bewusst entscheiden<\/strong>, ob das Angebot zu Ihren Vorstellungen und Werten passt.<\/span><\/h3>\n<h2 style=\"text-align: center;\">Das erwartet Sie im Coaching f\u00fcr Vorstellungsgespr\u00e4che<\/h2>\n<ul>\n<li><!--! Font Awesome Free 6.7.1 by @fontawesome - https:\/\/fontawesome.com License - https:\/\/fontawesome.com\/license\/free (Icons: CC BY 4.0, Fonts: SIL OFL 1.1, Code: MIT License) Copyright 2024 Fonticons, Inc. --><span>1:1 Coaching \u2013 pers\u00f6nlich, individuell, zielgerichtet<\/span><\/li>\n<li><!--! Font Awesome Free 6.7.1 by @fontawesome - https:\/\/fontawesome.com License - https:\/\/fontawesome.com\/license\/free (Icons: CC BY 4.0, Fonts: SIL OFL 1.1, Code: MIT License) Copyright 2024 Fonticons, Inc. --><span>Praxisnah \u2013 mit Gespr\u00e4chs\u00fcbungen, Analyse typischer Fragen und Reflexionsimpulsen<\/span><\/li>\n<li><!--! Font Awesome Free 6.7.1 by @fontawesome - https:\/\/fontawesome.com License - https:\/\/fontawesome.com\/license\/free (Icons: CC BY 4.0, Fonts: SIL OFL 1.1, Code: MIT License) Copyright 2024 Fonticons, Inc. --><span>Klar, empathisch und auf Augenh\u00f6he \u2013 mit Erfahrung aus HR &amp; Coaching<\/span><\/li>\n<\/ul>\n<h3><strong>Klarheit \u00fcber Ihre St\u00e4rken<\/strong><\/h3>\n<p>Sie erkennen, welche Kompetenzen f\u00fcr die gew\u00fcnschte Position relevant sind \u2013 und wie Sie sie \u00fcberzeugend pr\u00e4sentieren.<\/p>\n<h3><strong>Strategische Vorbereitung&nbsp;<\/strong><\/h3>\n<h3><strong><\/strong><strong><\/strong><\/h3>\n<p>Sie verstehen, welches Ziel hinter klassischen Interviewfragen steht. Sie entwickeln \u00fcberzeugende und begr\u00fcndete Antworten.<\/p>\n<h3><strong>Bewerbungsgespr\u00e4che auf Augenh\u00f6he<\/strong><strong><\/strong><\/h3>\n<p>Sie lernen, das Gespr\u00e4ch aktiv mitzugestalten. Durch gezielte Fragen finde Sie heraus, ob das Unternehmen, die Position und F\u00fchrungskultur wirklich zu Ihnen passen.<\/p>\n<h2 style=\"text-align: center;\">Kundenstimmen<\/h2>\n<p>\u201eMir hat es besonders gut gefallen, wenn wir vor einem Bewerbungsgespr\u00e4ch die Stellenbeschreibung und die Teilnehmer tiefer analysiert haben. Es gab mir die n\u00f6tige Einsicht, um auch mit wenig Berufserfahrung selbstbewusst in Bewerbungsgespr\u00e4che gehen zu k\u00f6nnen.\u201c<\/p>\n<\/p>\n<h4 style=\"\">Konstantin<\/h4>\n<p style=\"color: rgb(251, 134, 0) !important; --tcb-applied-color: rgb(251, 134, 0) !important;\"><em>Informatiker<\/em><\/p>\n<\/p>\n<p>Gesteigertes Selbstvertrauen und die Gewissheit beim Vorstellungsgespr\u00e4ch nicht nett, sondern authentisch sein zu d\u00fcrfen.<\/p>\n<p>Das ich sofort ein realistisches Bild von mir vermitteln kann.<\/p>\n<p>Ich hatte die Gewissheit, dass es einen Platz f\u00fcr mich geben wird, der besser wird, als ich es vorher erlebt habe. &nbsp;<\/p>\n<h4 style=\"\">Julian<\/h4>\n<p style=\"\"><em>Data Sience<\/em><\/p>\n<p style=\"text-align: center;\"><strong><span style=\"font-size: 24px !important;\">Sie wollen mehr erfahren?<\/span><\/strong><\/p>\n<h2 style=\"text-align: center;\"><strong>Ablauf des Vorstellungsgespr\u00e4chs-Coaching<\/strong><\/h2>\n<h3 style=\"\"><strong> 1. Kennenlernen &#8211; passen wir zusammen<\/strong><\/h3>\n<p style=\"\">Ihr kostenloses Beratungsgespr\u00e4ch:<\/p>\n<p style=\"\">Wir lernen uns kennen, sprechen \u00fcber Ihre Herausforderungen<\/p>\n<p style=\"\">Ich stelle Ihnen das Coaching vor<\/p>\n<p><!--! Font Awesome Free 6.7.1 by @fontawesome - https:\/\/fontawesome.com License - https:\/\/fontawesome.com\/license\/free (Icons: CC BY 4.0, Fonts: SIL OFL 1.1, Code: MIT License) Copyright 2024 Fonticons, Inc. --><\/p>\n<h3 style=\"\"><strong>2. Kickstart &#8211; Bestandsaufnahme<\/strong><\/h3>\n<p style=\"\">Vor unserem ersten Termin erhalten Sie von mir einen Fragebogen zur Vorbereitung<\/p>\n<p style=\"\">Wir analysieren die bisherigen Vorstellungsgespr\u00e4che<\/p>\n<h3 style=\"\"><strong>3. Neustart &#8211; wie wir zusammenarbeiten<\/strong><\/h3>\n<p style=\"\">Wir arbeiten am Beispiel einer konkreten Stellenausschreibung<\/p>\n<ul>\n<li><!--! Font Awesome Free 6.7.1 by @fontawesome - https:\/\/fontawesome.com License - https:\/\/fontawesome.com\/license\/free (Icons: CC BY 4.0, Fonts: SIL OFL 1.1, Code: MIT License) Copyright 2024 Fonticons, Inc. --><span style=\"\">Wir analysieren die Anforderungen<\/span><\/li>\n<li><!--! Font Awesome Free 6.7.1 by @fontawesome - https:\/\/fontawesome.com License - https:\/\/fontawesome.com\/license\/free (Icons: CC BY 4.0, Fonts: SIL OFL 1.1, Code: MIT License) Copyright 2024 Fonticons, Inc. --><span style=\"\">Entwickeln m\u00f6gliche Fragen<\/span><\/li>\n<li><!--! Font Awesome Free 6.7.1 by @fontawesome - https:\/\/fontawesome.com License - https:\/\/fontawesome.com\/license\/free (Icons: CC BY 4.0, Fonts: SIL OFL 1.1, Code: MIT License) Copyright 2024 Fonticons, Inc. --><span style=\"\">Sie lernen, wie Sie mit diesen Fragen umgehen und souver\u00e4n beantworten<\/span><\/li>\n<li><!--! Font Awesome Free 6.7.1 by @fontawesome - https:\/\/fontawesome.com License - https:\/\/fontawesome.com\/license\/free (Icons: CC BY 4.0, Fonts: SIL OFL 1.1, Code: MIT License) Copyright 2024 Fonticons, Inc. --><span style=\"\">eine Selbstpr\u00e4sentation, mit der Sie sich wohlf\u00fchlen<\/span><\/li>\n<li><!--! Font Awesome Free 6.7.1 by @fontawesome - https:\/\/fontawesome.com License - https:\/\/fontawesome.com\/license\/free (Icons: CC BY 4.0, Fonts: SIL OFL 1.1, Code: MIT License) Copyright 2024 Fonticons, Inc. --><span style=\"\">\u00fcberzeugende Antworten auf die \u00fcblichen Standardfragen<\/span><\/li>\n<li><!--! Font Awesome Free 6.7.1 by @fontawesome - https:\/\/fontawesome.com License - https:\/\/fontawesome.com\/license\/free (Icons: CC BY 4.0, Fonts: SIL OFL 1.1, Code: MIT License) Copyright 2024 Fonticons, Inc. --><span style=\"\">Was motiviert Sie zum Jobwechsel, wie kam es zur K\u00fcndigung oder Freistellung<\/span><\/li>\n<li><!--! Font Awesome Free 6.7.1 by @fontawesome - https:\/\/fontawesome.com License - https:\/\/fontawesome.com\/license\/free (Icons: CC BY 4.0, Fonts: SIL OFL 1.1, Code: MIT License) Copyright 2024 Fonticons, Inc. --><span style=\"\">Strategien zur Gehaltsverhandlung<\/span><\/li>\n<\/ul>\n<h3 style=\"\"><strong>4. <strong>Ihre Vorteile \u2013 was Sie konkret davon haben<\/strong><\/strong><\/h3>\n<ul>\n<li><!--! Font Awesome Free 6.7.1 by @fontawesome - https:\/\/fontawesome.com License - https:\/\/fontawesome.com\/license\/free (Icons: CC BY 4.0, Fonts: SIL OFL 1.1, Code: MIT License) Copyright 2024 Fonticons, Inc. --><span style=\"\">Sie treten im Vorstellungsgespr\u00e4ch&nbsp;<strong>sicher, ruhig und kompetent<\/strong> auf<\/span><\/li>\n<li><!--! Font Awesome Free 6.7.1 by @fontawesome - https:\/\/fontawesome.com License - https:\/\/fontawesome.com\/license\/free (Icons: CC BY 4.0, Fonts: SIL OFL 1.1, Code: MIT License) Copyright 2024 Fonticons, Inc. --><span>Sie erkennen, ob das Angebot zu Ihnen passt \u2013 beruflich&nbsp;<strong>und<\/strong> pers\u00f6nlich<\/span><\/li>\n<li><!--! Font Awesome Free 6.7.1 by @fontawesome - https:\/\/fontawesome.com License - https:\/\/fontawesome.com\/license\/free (Icons: CC BY 4.0, Fonts: SIL OFL 1.1, Code: MIT License) Copyright 2024 Fonticons, Inc. --><span>Sie wissen,&nbsp;<strong>wie Sie sich selbst klar und authentisch pr\u00e4sentieren<\/strong><\/span><\/li>\n<li><!--! Font Awesome Free 6.7.1 by @fontawesome - https:\/\/fontawesome.com License - https:\/\/fontawesome.com\/license\/free (Icons: CC BY 4.0, Fonts: SIL OFL 1.1, Code: MIT License) Copyright 2024 Fonticons, Inc. --><span style=\"\">Sie bereiten sich gezielt vor \u2013&nbsp;<strong>ohne auswendig gelernte Floskeln<\/strong><\/span><\/li>\n<li><!--! Font Awesome Free 6.7.1 by @fontawesome - https:\/\/fontawesome.com License - https:\/\/fontawesome.com\/license\/free (Icons: CC BY 4.0, Fonts: SIL OFL 1.1, Code: MIT License) Copyright 2024 Fonticons, Inc. --><span style=\"\">Sie haben einen Fragenkatalog, damit Sie alles Wichtige \u00fcber den Job und das Unternehmen erfahren<\/span><\/li>\n<li><!--! Font Awesome Free 6.7.1 by @fontawesome - https:\/\/fontawesome.com License - https:\/\/fontawesome.com\/license\/free (Icons: CC BY 4.0, Fonts: SIL OFL 1.1, Code: MIT License) Copyright 2024 Fonticons, Inc. --><span>Sie f\u00fchlen sich endlich wieder <strong>in der Gestalterrolle<\/strong> \u2013 nicht als Bittsteller<\/span><\/li>\n<\/ul>\n<p style=\"\">\n<p><span style=\"\"><img decoding=\"async\" alt=\"\u00dcber mich\" data-id=\"227236\" width=\"675\" data-init-width=\"2400\" height=\"675\" data-init-height=\"2400\" title=\"Judith Eggers - \u00fcber mich\" loading=\"lazy\" src=\"https:\/\/staging25.judith-eggers.de\/wp-content\/uploads\/Judith-Tisch1.jpg\" data-width=\"675\" data-height=\"675\" style=\"aspect-ratio: auto 2400 \/ 2400;\" ml-d=\"-57\" mt-d=\"0\" center-h-d=\"false\"><\/span><\/p>\n<p style=\"text-align: center;\"><span>Ich w\u00fcnsche mir eine Arbeits-Welt,&nbsp;<\/span><span>in der jeder Mensch das tut, was ihm wirklich Freude macht.<\/span><\/p>\n<h3 style=\"\"><strong>Hallo, ich bin Judith Eggers,<\/strong><\/h3>\n<p>Als ehemalige HR-Managerin mit \u00fcber 15 Jahren Erfahrung in der Personalauswahl wei\u00df ich, wie Bewerbungsprozesse wirklich ablaufen \u2013 und worauf es im Vorstellungsgespr\u00e4ch ankommt.<\/p>\n<p>Ich sa\u00df auf der anderen Seite des Tisches, habe unz\u00e4hlige Bewerbungsgespr\u00e4che gef\u00fchrt und Entscheidungen \u00fcber Einstellungen getroffen.<\/p>\n<p>Heute unterst\u00fctze ich als Karrierecoach vor allem berufserfahrene Fach- und F\u00fchrungskr\u00e4fte, die sich neu orientieren wollen \u2013 sei es aus eigener Initiative oder nach strukturellen Ver\u00e4nderungen im Unternehmen.<\/p>\n<p>Ich begleite Sie dabei, Ihre St\u00e4rken zu kl\u00e4ren, sich gezielt vorzubereiten und vor allem: herauszufinden, welcher Job wirklich zu Ihnen passt.<\/p>\n<p>Denn ein gutes Vorstellungsgespr\u00e4ch beginnt nicht mit der perfekten Antwort \u2013 sondern mit der richtigen Haltung.<\/p>\n<p>Was Sie bei mir erwartet: Klarheit, Tiefe, echte Vorbereitung mit Wirkung.<\/p>\n<p style=\"\"><em><a data-lt-tmp-id=\"lt-309864\" href=\"https:\/\/judith-eggers.com\/ueber-mich\/\" spellcheck=\"false\" target=\"_blank\" style=\"outline: none;\"><strong><span style=\"--tcb-text-highlight-color: transparent !important;\">Mehr \u00fcber Judith Eggers erfahren<\/span><\/strong><\/a><\/em><\/p>\n<p style=\"text-align: center;\"><strong><span style=\"font-size: 24px !important;\"><strong>Bereit, Ihr Vorstellungsgespr\u00e4ch selbstbewusst zu meistern<\/strong><\/span><\/strong><\/p>\n<p style=\"text-align: center;\"><strong><span style=\"font-size: 24px !important;\"><strong>&nbsp;\u2013 und den n\u00e4chsten Schritt in Ihrer Karriere zu gehen?<\/strong><\/span><\/strong><\/p>\n<p><a href=\"https:\/\/staging25.judith-eggers.de\/blog\/vorstellungsgespraech\/\" dynamic-postlink=\"tcb_post_the_permalink\" data-shortcode-id=\"226530\"><\/a><\/p>\n<h2><span data-shortcode=\"tcb_post_title\" data-shortcode-name=\"Post title\" data-extra_key=\"\" data-attr-link=\"1\" data-attr-target=\"0\" data-attr-rel=\"0\" data-option-inline=\"1\" data-attr-static-link=\"{&quot;className&quot;:&quot;&quot;,&quot;href&quot;:&quot;https:\/\/judith-eggers.de\/blog\/vorstellungsgespraech\/&quot;,&quot;title&quot;:&quot;Vorstellungsgespr\u00e4ch \u2013 Fragen und Antworten&quot;,&quot;class&quot;:&quot;&quot;}\" data-attr-css=\"\"><a href=\"https:\/\/staging25.judith-eggers.de\/blog\/vorstellungsgespraech\/\" title=\"Vorstellungsgespr\u00e4ch \u2013 Fragen und Antworten\" data-css=\"\">Vorstellungsgespr\u00e4ch \u2013 Fragen und Antworten<\/a><\/span><\/h2>\n<p><a href=\"https:\/\/staging25.judith-eggers.de\/blog\/vorstellungsgespraech\/\"><span style=\"\"><span data-tcb_hover_state_parent=\"\" style=\"\">mehr lesen<\/span><\/span><\/a><a href=\"https:\/\/staging25.judith-eggers.de\/blog\/richtigen-job-finden\/\" dynamic-postlink=\"tcb_post_the_permalink\" data-shortcode-id=\"226530\"><\/a><\/p>\n<h2><span data-shortcode=\"tcb_post_title\" data-shortcode-name=\"Post title\" data-extra_key=\"\" data-attr-link=\"1\" data-attr-target=\"0\" data-attr-rel=\"0\" data-option-inline=\"1\" data-attr-static-link=\"{&quot;className&quot;:&quot;&quot;,&quot;href&quot;:&quot;https:\/\/judith-eggers.de\/blog\/vorstellungsgespraech\/&quot;,&quot;title&quot;:&quot;Vorstellungsgespr\u00e4ch \u2013 Fragen und Antworten&quot;,&quot;class&quot;:&quot;&quot;}\" data-attr-css=\"\"><a href=\"https:\/\/staging25.judith-eggers.de\/blog\/richtigen-job-finden\/\" title=\"Den richtigen Job finden \u2013 raus aus dem Jobfrust\" data-css=\"\">Den richtigen Job finden \u2013 raus aus dem Jobfrust<\/a><\/span><\/h2>\n<p><a href=\"https:\/\/staging25.judith-eggers.de\/blog\/richtigen-job-finden\/\"><span style=\"\"><span data-tcb_hover_state_parent=\"\" style=\"\">mehr lesen<\/span><\/span><\/a><a href=\"https:\/\/staging25.judith-eggers.de\/blog\/luecken-lebenslauf\/\" dynamic-postlink=\"tcb_post_the_permalink\" data-shortcode-id=\"226530\"><\/a><\/p>\n<h2><span data-shortcode=\"tcb_post_title\" data-shortcode-name=\"Post title\" data-extra_key=\"\" data-attr-link=\"1\" data-attr-target=\"0\" data-attr-rel=\"0\" data-option-inline=\"1\" data-attr-static-link=\"{&quot;className&quot;:&quot;&quot;,&quot;href&quot;:&quot;https:\/\/judith-eggers.de\/blog\/vorstellungsgespraech\/&quot;,&quot;title&quot;:&quot;Vorstellungsgespr\u00e4ch \u2013 Fragen und Antworten&quot;,&quot;class&quot;:&quot;&quot;}\" data-attr-css=\"\"><a href=\"https:\/\/staging25.judith-eggers.de\/blog\/luecken-lebenslauf\/\" title=\"L\u00fccken im Lebenslauf \u2013 5 Tipps erfolgreich damit umzugehen\" data-css=\"\">L\u00fccken im Lebenslauf \u2013 5 Tipps erfolgreich damit umzugehen<\/a><\/span><\/h2>\n<p><a href=\"https:\/\/staging25.judith-eggers.de\/blog\/luecken-lebenslauf\/\"><span style=\"\"><span data-tcb_hover_state_parent=\"\" style=\"\">mehr lesen<\/span><\/span><\/a><\/p>\n","protected":false},"excerpt":{"rendered":"<p>Vorstellungsgespr\u00e4ch-Coaching selbstbewusst auftreten&nbsp; und \u00fcberzeugen Sie stehen kurz vor einem Vorstellungsgespr\u00e4ch? &#8211; M\u00f6chten sich gezielt auf kommende Bewerbungsgespr\u00e4che vorbereiten?Dann sind Sie hier genau richtig. Als erfahrener Karrierecoach begleite ich Fach- und F\u00fchrungskr\u00e4fte dabei, ihre St\u00e4rken klar zu zeigen, souver\u00e4n aufzutreten \u2013 und herauszufinden, ob der neue Job wirklich zu ihnen passt. Typische Herausforderungen vor dem &#8230; <a title=\"Vorstellungsgespr\u00e4chs-Coaching\" class=\"read-more\" href=\"https:\/\/staging25.judith-eggers.de\/index.php\/vorstellungsgespraech-coaching\/\" aria-label=\"Mehr Informationen \u00fcber Vorstellungsgespr\u00e4chs-Coaching\">Weiterlesen<\/a><\/p>\n","protected":false},"author":1,"featured_media":0,"parent":0,"menu_order":18,"comment_status":"closed","ping_status":"closed","template":"","meta":{"footnotes":""},"class_list":["post-228119","page","type-page","status-publish"],"_links":{"self":[{"href":"https:\/\/staging25.judith-eggers.de\/index.php\/wp-json\/wp\/v2\/pages\/228119","targetHints":{"allow":["GET"]}}],"collection":[{"href":"https:\/\/staging25.judith-eggers.de\/index.php\/wp-json\/wp\/v2\/pages"}],"about":[{"href":"https:\/\/staging25.judith-eggers.de\/index.php\/wp-json\/wp\/v2\/types\/page"}],"author":[{"embeddable":true,"href":"https:\/\/staging25.judith-eggers.de\/index.php\/wp-json\/wp\/v2\/users\/1"}],"replies":[{"embeddable":true,"href":"https:\/\/staging25.judith-eggers.de\/index.php\/wp-json\/wp\/v2\/comments?post=228119"}],"version-history":[{"count":0,"href":"https:\/\/staging25.judith-eggers.de\/index.php\/wp-json\/wp\/v2\/pages\/228119\/revisions"}],"wp:attachment":[{"href":"https:\/\/staging25.judith-eggers.de\/index.php\/wp-json\/wp\/v2\/media?parent=228119"}],"curies":[{"name":"wp","href":"https:\/\/api.w.org\/{rel}","templated":true}]}}