{"id":228097,"date":"2025-04-09T14:31:19","date_gmt":"2025-04-09T12:31:19","guid":{"rendered":"https:\/\/judith-eggers.de\/?page_id=228097"},"modified":"2025-04-09T14:31:19","modified_gmt":"2025-04-09T12:31:19","slug":"bestaetigung-magazinanmeldung","status":"publish","type":"page","link":"https:\/\/staging25.judith-eggers.de\/index.php\/bestaetigung-magazinanmeldung\/","title":{"rendered":"Best\u00e4tigung &#8211; Magazinanmeldung"},"content":{"rendered":"<p><span style=\"\"><img decoding=\"async\" alt=\"\" data-id=\"228094\" width=\"209\" data-init-width=\"1414\" height=\"296\" data-init-height=\"2000\" title=\"Landingpage Karriere Kompass-2\" loading=\"lazy\" src=\"https:\/\/staging25.judith-eggers.de\/wp-content\/uploads\/Landingpage-Karriere-Kompass-2.png\" data-width=\"209\" data-height=\"296\" style=\"aspect-ratio: auto 1414 \/ 2000;\" ml-d=\"-1.2149999999999892\" mt-d=\"0\" center-h-d=\"false\" center-v-d=\"false\"><\/span><\/p>\n<h1 style=\"text-align: left;\">Das kostenlose<\/h1>\n<h1 style=\"text-align: left;\">Newsletter-Magazin&nbsp;<\/h1>\n<h1 data-hide=\"true\" style=\"text-align: left;\">f\u00fcr berufliche Klarheit&nbsp;<\/h1>\n<h1 style=\"text-align: left;\">und wirksame F\u00fchrung<\/h1>\n<p><span style=\"\"><img decoding=\"async\" alt=\"Sparring\" data-id=\"227233\" width=\"353\" data-init-width=\"2400\" height=\"353\" data-init-height=\"2400\" title=\"\u00dcber mich\" loading=\"lazy\" src=\"https:\/\/staging25.judith-eggers.de\/wp-content\/uploads\/Judith-b-w-Fenster.jpg\" data-width=\"353\" data-height=\"353\" style=\"aspect-ratio: auto 2400 \/ 2400;\" ml-d=\"0\" mt-d=\"-2.024000000000001\"><\/span><\/p>\n<h2 style=\"text-align: left;\">Fast geschafft! &#8211; Das Newsletter-Magazin ist nur noch einen Klick entfernt.<\/h2>\n<p style=\"text-align: center;\"><strong>Schritt 1<\/strong><strong><\/strong><strong><\/strong><strong><\/strong><span style=\"\">Sie bekommen von mir <\/span><span style=\"\">eine E-Mail.<\/span><\/p>\n<p style=\"text-align: center;\"><span style=\"\"><\/span><\/p>\n<p style=\"text-align: center;\"><strong><span style=\"\">Schritt 2<\/span><\/strong><span style=\"\">Bitte \u00f6ffnen Sie diese E-Mail.<\/span><\/p>\n<p style=\"text-align: center;\"><strong>Schritt 3<\/strong><\/p>\n<p style=\"text-align: center;\"><span style=\"\">Bitte best\u00e4tigen Sie, dass ich Ihnen den Karriere-Kompass zusenden darf.&nbsp;<\/span><\/p>\n<p style=\"text-align: center;\">Sie finden die Best\u00e4tigungsmail nicht?<\/p>\n<p style=\"text-align: center;\">Schauen Sie bitte in Ihrem Spam-Ordner nach, manchmal versteckt sich dort meine Best\u00e4tigungsmail.&nbsp;<\/p>\n<p style=\"text-align: center;\">Falls Sie dort nichts finden, schicken Sie mir bitte eine Email, damit wir das Problem schnell l\u00f6sen.<\/p>\n<p style=\"text-align: center;\">Email:&nbsp;<span style=\"color: rgb(251, 134, 0) !important;\"><span style=\"--tcb-applied-color: rgb(251, 134, 0) !important;\">kontakt@judith-eggers.de<\/span><\/span><\/p>\n","protected":false},"excerpt":{"rendered":"<p>Das kostenlose Newsletter-Magazin&nbsp; f\u00fcr berufliche Klarheit&nbsp; und wirksame F\u00fchrung Fast geschafft! &#8211; Das Newsletter-Magazin ist nur noch einen Klick entfernt. Schritt 1Sie bekommen von mir eine E-Mail. Schritt 2Bitte \u00f6ffnen Sie diese E-Mail. Schritt 3 Bitte best\u00e4tigen Sie, dass ich Ihnen den Karriere-Kompass zusenden darf.&nbsp; Sie finden die Best\u00e4tigungsmail nicht? Schauen Sie bitte in Ihrem &#8230; <a title=\"Best\u00e4tigung &#8211; Magazinanmeldung\" class=\"read-more\" href=\"https:\/\/staging25.judith-eggers.de\/index.php\/bestaetigung-magazinanmeldung\/\" aria-label=\"Mehr Informationen \u00fcber Best\u00e4tigung &#8211; Magazinanmeldung\">Weiterlesen<\/a><\/p>\n","protected":false},"author":1,"featured_media":0,"parent":0,"menu_order":43,"comment_status":"closed","ping_status":"closed","template":"","meta":{"footnotes":""},"class_list":["post-228097","page","type-page","status-publish"],"_links":{"self":[{"href":"https:\/\/staging25.judith-eggers.de\/index.php\/wp-json\/wp\/v2\/pages\/228097","targetHints":{"allow":["GET"]}}],"collection":[{"href":"https:\/\/staging25.judith-eggers.de\/index.php\/wp-json\/wp\/v2\/pages"}],"about":[{"href":"https:\/\/staging25.judith-eggers.de\/index.php\/wp-json\/wp\/v2\/types\/page"}],"author":[{"embeddable":true,"href":"https:\/\/staging25.judith-eggers.de\/index.php\/wp-json\/wp\/v2\/users\/1"}],"replies":[{"embeddable":true,"href":"https:\/\/staging25.judith-eggers.de\/index.php\/wp-json\/wp\/v2\/comments?post=228097"}],"version-history":[{"count":0,"href":"https:\/\/staging25.judith-eggers.de\/index.php\/wp-json\/wp\/v2\/pages\/228097\/revisions"}],"wp:attachment":[{"href":"https:\/\/staging25.judith-eggers.de\/index.php\/wp-json\/wp\/v2\/media?parent=228097"}],"curies":[{"name":"wp","href":"https:\/\/api.w.org\/{rel}","templated":true}]}}