{"id":228047,"date":"2025-05-19T11:14:35","date_gmt":"2025-05-19T09:14:35","guid":{"rendered":"https:\/\/judith-eggers.de\/?page_id=228047"},"modified":"2025-05-19T11:14:35","modified_gmt":"2025-05-19T09:14:35","slug":"aha-momente","status":"publish","type":"page","link":"https:\/\/staging25.judith-eggers.de\/index.php\/aha-momente\/","title":{"rendered":"AHA momente"},"content":{"rendered":"<p><span style=\"\"><img decoding=\"async\" alt=\"\" data-id=\"228180\" width=\"239\" data-init-width=\"1414\" height=\"338\" data-init-height=\"2000\" title=\"Workbook-Titel\" loading=\"lazy\" src=\"https:\/\/staging25.judith-eggers.de\/wp-content\/uploads\/Workbook-Titel.jpg\" data-width=\"239\" data-height=\"338\" style=\"aspect-ratio: auto 1414 \/ 2000;\" ml-d=\"-22\" mt-d=\"0\" center-h-d=\"false\"><\/span><\/p>\n<h1><\/h1>\n<h1>Setzen Sie St\u00e4rken bewusst ein und finden Sie wieder Freude an Ihrer Arbeit<\/h1>\n<h2>7 Aha-Momente aus meiner HR-Arbeit, die Sie beruflich voranbringen<strong><span>Entdecken Sie im Workbook u.a.:<\/span><\/strong><\/h2>\n<ul>\n<li><span style=\"\"><strong><span style=\"font-size: 20px !important;\">Der verborgene Antrieb<\/span><\/strong>Entdecken Sie, was Sie wirklich antreibt \u2013 und warum Erfolg allein nicht gen\u00fcgt.<\/span><\/li>\n<li><span style=\"\"><strong><span style=\"font-size: 20px !important;\">Die unsichtbare Karrierebremse<\/span><\/strong>&nbsp;Wer oder was lenkt Ihre Laufbahn im Verborgenen? Finden Sie es heraus.<\/span><\/li>\n<li><span style=\"\"><strong><span style=\"font-size: 20px !important;\"><strong>Ihr ungenutztes Potenzial<\/strong><\/span><\/strong>&nbsp;Welche St\u00e4rke macht Sie einzigartig \u2013 und warum nutzt sie noch niemand?<\/span><\/li>\n<li><span style=\"\"><strong><span style=\"font-size: 20px !important;\"><strong><strong>Die tr\u00fcgerische Sicherheit<\/strong><\/strong><\/span><\/strong>&nbsp;L\u00e4uft alles rund? Genau das k\u00f6nnte Ihr gr\u00f6\u00dftes Problem sein<\/span><\/li>\n<li><span style=\"\"><strong><span style=\"font-size: 20px !important;\"><strong><strong><strong>Das unsichtbare Muster<\/strong><\/strong><\/strong><\/span><\/strong>&nbsp;Warum landen Sie immer wieder an diesem Punkt? &#8211; Finden Sie es heraus&nbsp;<\/span><\/li>\n<\/ul>\n<p><span style=\"\"><img decoding=\"async\" alt=\"\" data-id=\"228180\" width=\"350\" data-init-width=\"1414\" height=\"495\" data-init-height=\"2000\" title=\"Workbook-Titel\" loading=\"lazy\" src=\"https:\/\/staging25.judith-eggers.de\/wp-content\/uploads\/Workbook-Titel.jpg\" data-width=\"350\" data-height=\"495\" style=\"aspect-ratio: auto 1414 \/ 2000;\" mt-d=\"-9.906000000000006\" ml-d=\"0\"><\/span><\/p>\n<p style=\"text-align: center;\">Holen Sie sich meinen kostenlosen Ratgeber<\/p>\n<p style=\"\">Mit dem Absenden des Formulars stimmen Sie dem Erhalt meines Newsletters sowie meines Newsletter-Magazins Karriere-Kompass zu. Sie k\u00f6nnen sich jederzeit mit einem Klick auf den Abmelde-Link am Ende jeder E-Mail wieder abmelden. <\/p>\n<p style=\"\">Mehr Informationen finden Sie in der<span style=\"color: var(--tcb-color-0) !important;\"><a href=\"https:\/\/staging25.judith-eggers.de\/datenschutz\" target=\"_blank\" style=\"outline: none;\"><span style=\"--tcb-applied-color: var$(--tcb-color-0) !important;\"> Datenschutzerkl\u00e4rung<\/span><\/a><\/span><\/p>\n<h2><strong>Ihre Karriere ist kein Selbstl\u00e4ufer \u2013&nbsp;<\/strong><strong>nehmen Sie sie aktiv in die Hand!<\/strong><\/h2>\n<p style=\"text-align: left;\"><strong>Reservieren Sie Ihr kostenfreies Impulsgespr\u00e4ch und entdecken Sie:<\/strong>\u2705 Welche unbewussten Muster Sie zur\u00fcckhalten \u2013 und wie Sie sie durchbrechen\u2705 Wie Sie Ihre wahren St\u00e4rken erkennen und gezielt f\u00fcr Ihre Karriere nutzen\u2705 Warum \u00e4u\u00dfere Ver\u00e4nderungen allein nicht reichen \u2013 und was wirklich z\u00e4hlt<\/p>\n<p style=\"text-align: left;\"><strong>Warten Sie nicht darauf, dass sich etwas \u00e4ndert \u2013 machen Sie den ersten Schritt!<\/strong><\/p>\n<p style=\"\"><strong>Judith Eggers \u2013 Expertin f\u00fcr bewusste Karrieregestaltung<\/strong><\/p>\n<p>Als Coach und Sparringpartnerin unterst\u00fctze ich Fach- und F\u00fchrungskr\u00e4fte dabei, ihre Karriere aktiv zu steuern und berufliche Entscheidungen mit Klarheit und Strategie zu treffen. <\/p>\n<p>Meine langj\u00e4hrige Erfahrung in HR, Recruiting und F\u00fchrungskr\u00e4fte-Entwicklung zeigt:<\/p>\n<p>&nbsp;Viele verharren in Karrieremustern, die sie unbewusst lenken. Doch wer seine St\u00e4rken gezielt einsetzt und alte Denkmuster hinterfragt, er\u00f6ffnet sich v\u00f6llig neue M\u00f6glichkeiten.<\/p>\n<p>Als Coach verbindet ich strategische Karriereplanung mit tiefgehender Reflexion. Ob der n\u00e4chste Karriereschritt, eine berufliche Neuausrichtung oder der Weg in die Selbstst\u00e4ndigkeit \u2013 ich helfe meinen Klienten, Chancen zu erkennen, mutige Entscheidungen zu treffen und eine Laufbahn zu gestalten, die nicht nur erfolgreich, sondern auch sinnerf\u00fcllt ist.<\/p>\n","protected":false},"excerpt":{"rendered":"<p>Setzen Sie St\u00e4rken bewusst ein und finden Sie wieder Freude an Ihrer Arbeit 7 Aha-Momente aus meiner HR-Arbeit, die Sie beruflich voranbringenEntdecken Sie im Workbook u.a.: Der verborgene AntriebEntdecken Sie, was Sie wirklich antreibt \u2013 und warum Erfolg allein nicht gen\u00fcgt. Die unsichtbare Karrierebremse&nbsp;Wer oder was lenkt Ihre Laufbahn im Verborgenen? Finden Sie es heraus. &#8230; <a title=\"AHA momente\" class=\"read-more\" href=\"https:\/\/staging25.judith-eggers.de\/index.php\/aha-momente\/\" aria-label=\"Mehr Informationen \u00fcber AHA momente\">Weiterlesen<\/a><\/p>\n","protected":false},"author":1,"featured_media":0,"parent":0,"menu_order":0,"comment_status":"closed","ping_status":"closed","template":"","meta":{"footnotes":""},"class_list":["post-228047","page","type-page","status-publish"],"_links":{"self":[{"href":"https:\/\/staging25.judith-eggers.de\/index.php\/wp-json\/wp\/v2\/pages\/228047","targetHints":{"allow":["GET"]}}],"collection":[{"href":"https:\/\/staging25.judith-eggers.de\/index.php\/wp-json\/wp\/v2\/pages"}],"about":[{"href":"https:\/\/staging25.judith-eggers.de\/index.php\/wp-json\/wp\/v2\/types\/page"}],"author":[{"embeddable":true,"href":"https:\/\/staging25.judith-eggers.de\/index.php\/wp-json\/wp\/v2\/users\/1"}],"replies":[{"embeddable":true,"href":"https:\/\/staging25.judith-eggers.de\/index.php\/wp-json\/wp\/v2\/comments?post=228047"}],"version-history":[{"count":0,"href":"https:\/\/staging25.judith-eggers.de\/index.php\/wp-json\/wp\/v2\/pages\/228047\/revisions"}],"wp:attachment":[{"href":"https:\/\/staging25.judith-eggers.de\/index.php\/wp-json\/wp\/v2\/media?parent=228047"}],"curies":[{"name":"wp","href":"https:\/\/api.w.org\/{rel}","templated":true}]}}