{"id":227896,"date":"2025-03-03T10:06:34","date_gmt":"2025-03-03T09:06:34","guid":{"rendered":"https:\/\/judith-eggers.de\/?page_id=227896"},"modified":"2025-03-03T10:06:34","modified_gmt":"2025-03-03T09:06:34","slug":"sparring-fuer-fuehrungskraefte","status":"publish","type":"page","link":"https:\/\/staging25.judith-eggers.de\/index.php\/sparring-fuer-fuehrungskraefte\/","title":{"rendered":"F\u00fchrungskr\u00e4fte"},"content":{"rendered":"<h1 style=\"text-align: center;\">Sparring f\u00fcr F\u00fchrungskr\u00e4fte<\/h1>\n<h2 data-end=\"390\" data-start=\"358\" style=\"text-align: center;\"><\/h2>\n<h2 data-end=\"455\" data-start=\"391\" style=\"text-align: center;\"><strong><em>Menschen verstehen und f\u00fchren&nbsp;<\/em><\/strong><\/h2>\n<\/p>\n<p data-end=\"643\" data-start=\"519\" style=\"text-align: center;\"><span style=\"\">Sie sind F\u00fchrungskraft und m\u00f6chten im Unternehmen etwas bewegen. &nbsp;<\/span><span style=\"\"><\/span><span style=\"\"><\/span><span style=\"\">Ohne sich zu verbiegen und ohne sich allein zu f\u00fchlen.<\/span><\/p>\n<ul>\n<li><!--! Font Awesome Free 6.7.1 by @fontawesome - https:\/\/fontawesome.com License - https:\/\/fontawesome.com\/license\/free (Icons: CC BY 4.0, Fonts: SIL OFL 1.1, Code: MIT License) Copyright 2024 Fonticons, Inc. --><span style=\"\"><span style=\"\">Sie \u00fcbernehmen gerade eine neue F\u00fchrungsverantwortung. &nbsp;Viele Erwartungen und Dynamik wirken auf Sie ein.&nbsp;<\/span><\/span><\/li>\n<li><!--! Font Awesome Free 6.7.1 by @fontawesome - https:\/\/fontawesome.com License - https:\/\/fontawesome.com\/license\/free (Icons: CC BY 4.0, Fonts: SIL OFL 1.1, Code: MIT License) Copyright 2024 Fonticons, Inc. --><span style=\"line-height: 1.6em !important;\">Sie haben schon F\u00fchrungserfahrung. Es wird Zeit f\u00fcr Ihren eigenen Stil, Ihre eigene Wirkung.<\/span><\/li>\n<li><!--! Font Awesome Free 6.7.1 by @fontawesome - https:\/\/fontawesome.com License - https:\/\/fontawesome.com\/license\/free (Icons: CC BY 4.0, Fonts: SIL OFL 1.1, Code: MIT License) Copyright 2024 Fonticons, Inc. --><span style=\"line-height: 1.6em !important;\">Sie stehen vor einem strategischen Richtungswechsel. Sie suchen einen Sparringspartner, der Sie herausfordert und begleitet.<\/span><\/li>\n<\/ul>\n<p><span style=\"\"><img decoding=\"async\" alt=\"Das Ziel bestimmen\" data-id=\"895\" width=\"254\" data-init-width=\"296\" height=\"348\" data-init-height=\"406\" title=\"Maritimes Stillleben\" loading=\"lazy\" src=\"https:\/\/staging25.judith-eggers.de\/wp-content\/uploads\/Fotolia_47694219_XS.jpg\" data-width=\"254\" data-height=\"348\" style=\"aspect-ratio: auto 296 \/ 406;\" ml-d=\"0\" mt-d=\"-19\" center-h-d=\"false\" center-v-d=\"false\"><\/span><\/p>\n<h3 data-end=\"3709\" data-start=\"3684\"><span style=\"font-size: 20px !important;\">Als F\u00fchrungskraft bewegen Sie sich in einem Umfeld, das immer komplexer wird. <\/span><\/h3>\n<h3 data-end=\"3709\" data-start=\"3684\"><span style=\"font-size: 20px !important;\">Steigende Anforderungen, hohe Erwartungshaltungen und schneller Wandel.<\/span><\/h3>\n<h3 data-end=\"3709\" data-start=\"3684\"><span style=\"font-size: 20px !important;\">Wer andere mitnehmen will, braucht Haltung und Klarheit in seiner F\u00fchrungsrolle.<\/span><span style=\"font-size: 20px !important;\">Gleichzeitig wird es immer anspruchsvoller in unsicheren Zeiten klar zu entscheiden.<\/span><\/h3>\n<\/p>\n<h3 data-end=\"3709\" data-start=\"3684\"><span style=\"font-size: 20px !important;\">Da hilft der Blick von au\u00dfen, um neue Blickwinkel und L\u00f6sungsoptionen zu erschlie\u00dfen.<\/span><span style=\"font-size: 20px !important;\">Genau dort setze ich mit meinem Sparring-Angebot an.<\/span><\/h3>\n<h2 style=\"\">Durch Sparring gewinnen Sie<\/h2>\n<ul>\n<li><!--! Font Awesome Free 6.7.1 by @fontawesome - https:\/\/fontawesome.com License - https:\/\/fontawesome.com\/license\/free (Icons: CC BY 4.0, Fonts: SIL OFL 1.1, Code: MIT License) Copyright 2024 Fonticons, Inc. --><span style=\"\">Sie gewinnen Sicherheit im Handeln, Klarheit im Denken und Pr\u00e4senz in Ihrer Wirkung.<\/span><\/li>\n<li><!--! Font Awesome Free 6.7.1 by @fontawesome - https:\/\/fontawesome.com License - https:\/\/fontawesome.com\/license\/free (Icons: CC BY 4.0, Fonts: SIL OFL 1.1, Code: MIT License) Copyright 2024 Fonticons, Inc. --><span style=\"line-height: 1.6em !important;\">Ihr Team folgt Ihnen, weil Sie Orientierung geben \u2013 nicht, weil Sie alles wissen.<\/span><\/li>\n<li><!--! Font Awesome Free 6.7.1 by @fontawesome - https:\/\/fontawesome.com License - https:\/\/fontawesome.com\/license\/free (Icons: CC BY 4.0, Fonts: SIL OFL 1.1, Code: MIT License) Copyright 2024 Fonticons, Inc. --><span style=\"line-height: 1.6em !important;\">Sie f\u00fchren mit Haltung statt mit Hektik.<\/span><\/li>\n<li><!--! Font Awesome Free 6.7.1 by @fontawesome - https:\/\/fontawesome.com License - https:\/\/fontawesome.com\/license\/free (Icons: CC BY 4.0, Fonts: SIL OFL 1.1, Code: MIT License) Copyright 2024 Fonticons, Inc. --><span style=\"line-height: 1.6em !important;\">Sie erleben, dass F\u00fchrung wieder Sinn ergibt \u2013 und Freude macht.<\/span><\/li>\n<\/ul>\n<h3 data-end=\"2750\" data-start=\"2728\" style=\"\">Das erhalten Sie:<\/h3>\n<ul>\n<li><!--! Font Awesome Free 6.7.1 by @fontawesome - https:\/\/fontawesome.com License - https:\/\/fontawesome.com\/license\/free (Icons: CC BY 4.0, Fonts: SIL OFL 1.1, Code: MIT License) Copyright 2024 Fonticons, Inc. --><span style=\"\">Ehrliches, unterst\u00fctzendes Feedback \u2013 damit Sie blinde Flecken erkennen und neue Perspektiven gewinnen.<\/span><\/li>\n<li><!--! Font Awesome Free 6.7.1 by @fontawesome - https:\/\/fontawesome.com License - https:\/\/fontawesome.com\/license\/free (Icons: CC BY 4.0, Fonts: SIL OFL 1.1, Code: MIT License) Copyright 2024 Fonticons, Inc. --><span style=\"\">Einen strukturierten Raum f\u00fcr Reflexion \u2013 damit Ihre Gedanken nicht kreisen, sondern Haltung bekommen.<\/span><\/li>\n<li><!--! Font Awesome Free 6.7.1 by @fontawesome - https:\/\/fontawesome.com License - https:\/\/fontawesome.com\/license\/free (Icons: CC BY 4.0, Fonts: SIL OFL 1.1, Code: MIT License) Copyright 2024 Fonticons, Inc. --><span style=\"\">L\u00f6sungen, die Ihre Herausforderungen adressieren \u2013 damit Sie nicht nur denken, sondern wirksam handeln.<\/span><\/li>\n<li><!--! Font Awesome Free 6.7.1 by @fontawesome - https:\/\/fontawesome.com License - https:\/\/fontawesome.com\/license\/free (Icons: CC BY 4.0, Fonts: SIL OFL 1.1, Code: MIT License) Copyright 2024 Fonticons, Inc. --><span style=\"\">Mehr Klarheit, mehr Entscheidungssicherheit, mehr F\u00fchrungspr\u00e4senz \u2013 gerade wenn es darauf ankommt<\/span><\/li>\n<\/ul>\n<h2 style=\"text-align: center;\">Was Kunden an mir sch\u00e4tzen<\/h2>\n<p style=\"color: rgb(12, 17, 21) !important; --tcb-applied-color: rgb(12, 17, 21) !important;\">Durch den Perspektivenwechsel und die regelm\u00e4\u00dfigen Gespr\u00e4che mit Frau Eggers konnte ich neue Ideen entwickeln und meine Entscheidungen sicherer treffen. Besonders wertvoll war f\u00fcr mich, eine neutrale, externe Meinung zu haben, die mir half, Klarheit in komplexen Situationen zu gewinnen<\/p>\n<h4 style=\"\">Sophie<\/h4>\n<p style=\"\"><em>Abteilungsleiterin<\/em><\/p>\n<p style=\"color: rgb(12, 17, 21) !important; --tcb-applied-color: rgb(12, 17, 21) !important;\">\u201eFrau Eggers gibt gezieltes Feedback und begleitet mich bei der Entwicklung von L\u00f6sungsans\u00e4tzen. Die Kombination aus Coaching und Sparring half mir, nicht nur Strategien zu entwickeln, sondern auch die Dinge umzusetzen.\u201c<\/p>\n<p>Johannes<\/p>\n<p style=\"\"><em>Teamleiter<\/em><\/p>\n<h2 style=\"text-align: center;\">Ihr Weg im Sparring mit mir<\/h2>\n<p style=\"\"><strong><strong data-end=\"1706\" data-start=\"1679\">Gratis-Impulsgespr\u00e4ch<\/strong><\/strong>Wir lernen uns kennen. Sie bringen Ihr aktuelles Thema mit; ich erkl\u00e4re meine Arbeitsweise. Gemeinsam pr\u00fcfen wir Umfang und Umfang \u2013 Sie entscheiden ohne Verpflichtung.<\/p>\n<p><!--! Font Awesome Free 6.7.1 by @fontawesome - https:\/\/fontawesome.com License - https:\/\/fontawesome.com\/license\/free (Icons: CC BY 4.0, Fonts: SIL OFL 1.1, Code: MIT License) Copyright 2024 Fonticons, Inc. --><\/p>\n<p style=\"\"><strong><strong data-end=\"1706\" data-start=\"1679\"><strong data-end=\"1909\" data-start=\"1879\">Analyse Ihrer Ausgangslage<\/strong><\/strong><\/strong>Wir kl\u00e4ren Ihr Anliegen, Ihre Zielsetzung und Ihre zentrale Herausforderung. Welche Themen tragen die gr\u00f6\u00dfte Hebelwirkung? Wo blockiert Ver\u00e4nderung?<strong><\/strong><\/p>\n<p data-end=\"2291\" data-start=\"2064\"><strong data-end=\"2097\" data-start=\"2064\"><span style=\"font-size: 22px !important;\">Gemeinsame L\u00f6sungsentwicklung<\/span><\/strong><span style=\"font-size: 22px !important;\">Wir erarbeiten Strategien und konkrete Vorgehensweisen \u2013 zugeschnitten auf Sie, Ihre Rolle und Ihr Unternehmen. Ich spiegle Ihre Denk- und Handlungsmuster \u2013 damit neue Perspektiven entstehen.<\/span><\/p>\n<p data-end=\"2291\" data-start=\"2064\"><strong data-end=\"2097\" data-start=\"2064\"><span style=\"font-size: 22px !important;\"><strong data-end=\"2317\" data-start=\"2293\">Praxisnahe Umsetzung<\/strong><\/span><\/strong><span style=\"font-size: 22px !important;\">Sie erhalten Tools und Impulse, die sich direkt im F\u00fchrungsalltag einsetzen lassen. Kein PowerPoint-Feuerwerk, sondern wirksames Handeln.<\/span><\/p>\n<p data-end=\"2291\" data-start=\"2064\"><strong data-end=\"2097\" data-start=\"2064\"><span style=\"font-size: 22px !important;\"><strong data-end=\"2317\" data-start=\"2293\"><strong data-end=\"2492\" data-start=\"2461\">Reflexion &#8211; Entwicklung &#8211; Sparring<\/strong><\/strong><\/span><\/strong><span style=\"font-size: 22px !important;\">Wir sprechen regelm\u00e4\u00dfig \u2013 damit Sie nicht in alten Mustern verharren, sondern als F\u00fchrungskraft wachsen. Ich begleite Sie als Sparringspartnerin, die Ihnen nicht das sagt, was Sie h\u00f6ren wollen.&nbsp; Sondern Impulse gibt, die Sie weiterbringen.<\/span><\/p>\n<p><span style=\"\"><img decoding=\"async\" alt=\"Sparring\" data-id=\"227233\" width=\"625\" data-init-width=\"2400\" height=\"625\" data-init-height=\"2400\" title=\"\u00dcber mich\" loading=\"lazy\" src=\"https:\/\/staging25.judith-eggers.de\/wp-content\/uploads\/Judith-b-w-Fenster.jpg\" data-width=\"625\" data-height=\"625\" style=\"aspect-ratio: auto 2400 \/ 2400;\" ml-d=\"-42.599000000000046\" mt-d=\"0\"><\/span><\/p>\n<p style=\"text-align: left;\">Als Ihre Sparringpartnerin unterst\u00fctze ich Sie dabei, Ihre F\u00fchrungsaufgabe mit Praxisn\u00e4he und Klarheit zu gestalten.<\/p>\n<p style=\"text-align: left;\">Ich bin Ihre Reflexionspartnerin und Impulsgeberin \u2013 mit langj\u00e4hriger F\u00fchrungserfahrung und Coaching-Expertise.<\/p>\n<p style=\"text-align: center;\">\n<h3 data-end=\"3270\" data-start=\"3204\" style=\"\"><strong>Sparring hei\u00dft f\u00fcr mich:<\/strong><\/h3>\n<ul>\n<li><!--! Font Awesome Free 6.7.1 by @fontawesome - https:\/\/fontawesome.com License - https:\/\/fontawesome.com\/license\/free (Icons: CC BY 4.0, Fonts: SIL OFL 1.1, Code: MIT License) Copyright 2024 Fonticons, Inc. --><span style=\"\">strukturierter Austausch auf Augenh\u00f6he.<\/span><\/li>\n<li><!--! Font Awesome Free 6.7.1 by @fontawesome - https:\/\/fontawesome.com License - https:\/\/fontawesome.com\/license\/free (Icons: CC BY 4.0, Fonts: SIL OFL 1.1, Code: MIT License) Copyright 2024 Fonticons, Inc. --><span style=\"\">Kein Soft-Coaching, sondern ein Dialog, der wirkt.<\/span><\/li>\n<li><!--! Font Awesome Free 6.7.1 by @fontawesome - https:\/\/fontawesome.com License - https:\/\/fontawesome.com\/license\/free (Icons: CC BY 4.0, Fonts: SIL OFL 1.1, Code: MIT License) Copyright 2024 Fonticons, Inc. --><span style=\"\"><span style=\"\">Nicht bequem und gem\u00fctlich<\/span><span style=\"\">, sondern ein Gegen\u00fcber, dass Sie herausfordert.<\/span><\/span><\/li>\n<li><!--! Font Awesome Free 6.7.1 by @fontawesome - https:\/\/fontawesome.com License - https:\/\/fontawesome.com\/license\/free (Icons: CC BY 4.0, Fonts: SIL OFL 1.1, Code: MIT License) Copyright 2024 Fonticons, Inc. --><span style=\"\">Unter vier Augen. Vertraulich. Ergebnisorientiert.<\/span><\/li>\n<li><!--! Font Awesome Free 6.7.1 by @fontawesome - https:\/\/fontawesome.com License - https:\/\/fontawesome.com\/license\/free (Icons: CC BY 4.0, Fonts: SIL OFL 1.1, Code: MIT License) Copyright 2024 Fonticons, Inc. --><span style=\"\">Mit Empathie und Humor<\/span><\/li>\n<\/ul>\n<p data-end=\"3439\" data-start=\"3389\" style=\"\"><span style=\"font-size: 20px !important;\"><img decoding=\"async\" role=\"img\" alt=\"\ud83d\udc49\" src=\"https:\/\/s.w.org\/images\/core\/emoji\/17.0.2\/svg\/1f449.svg\"> <\/span><strong><a href=\"https:\/\/staging25.judith-eggers.de\/ueber-mich\" target=\"_blank\" style=\"outline: none;\" data-lt-tmp-id=\"lt-755538\" spellcheck=\"false\"><span style=\"font-size: 20px !important;\">mehr \u00fcber Judith Eggers erfahren<\/span><\/a><\/strong><\/p>\n<h2 style=\"\">H\u00e4ufige Fragen zum F\u00fchrungssparring<\/h2>\n<h2 data-end=\"1867\" data-start=\"1827\" style=\"text-align: center;\"><strong data-end=\"1867\" data-start=\"1831\">Bereit f\u00fcr den n\u00e4chsten Schritt?<\/strong><\/h2>\n<p><a href=\"https:\/\/staging25.judith-eggers.de\/blog\/fuehrung-lernen\/\" dynamic-postlink=\"tcb_post_the_permalink\" data-shortcode-id=\"222426\"><\/a><\/p>\n<h2><span data-shortcode=\"tcb_post_title\" data-shortcode-name=\"Post title\" data-extra_key=\"\" data-attr-link=\"1\" data-attr-target=\"0\" data-attr-rel=\"0\" data-option-inline=\"1\" data-attr-static-link=\"{&quot;className&quot;:&quot;&quot;,&quot;href&quot;:&quot;https:\/\/judith-eggers.de\/blog\/fuehrung-lernen\/&quot;,&quot;title&quot;:&quot;Auf dem Weg zur F\u00fchrungskraft: Tipps f\u00fcr Ihre pers\u00f6nliche Standortbestimmung&quot;,&quot;class&quot;:&quot;&quot;}\" data-attr-css=\"\"><a href=\"https:\/\/staging25.judith-eggers.de\/blog\/fuehrung-lernen\/\" title=\"Auf dem Weg zur F\u00fchrungskraft: Tipps f\u00fcr Ihre pers\u00f6nliche Standortbestimmung\" data-css=\"\">Auf dem Weg zur F\u00fchrungskraft: Tipps f\u00fcr Ihre pers\u00f6nliche Standortbestimmung<\/a><\/span><\/h2>\n<p><a href=\"https:\/\/staging25.judith-eggers.de\/blog\/fuehrung-lernen\/\"><span style=\"\"><span data-tcb_hover_state_parent=\"\" style=\"\">mehr lesen<\/span><\/span><\/a><a href=\"https:\/\/staging25.judith-eggers.de\/blog\/wertschaetzung\/\" dynamic-postlink=\"tcb_post_the_permalink\" data-shortcode-id=\"222426\"><\/a><\/p>\n<h2><span data-shortcode=\"tcb_post_title\" data-shortcode-name=\"Post title\" data-extra_key=\"\" data-attr-link=\"1\" data-attr-target=\"0\" data-attr-rel=\"0\" data-option-inline=\"1\" data-attr-static-link=\"{&quot;className&quot;:&quot;&quot;,&quot;href&quot;:&quot;https:\/\/judith-eggers.de\/blog\/fuehrung-lernen\/&quot;,&quot;title&quot;:&quot;Auf dem Weg zur F\u00fchrungskraft: Tipps f\u00fcr Ihre pers\u00f6nliche Standortbestimmung&quot;,&quot;class&quot;:&quot;&quot;}\" data-attr-css=\"\"><a href=\"https:\/\/staging25.judith-eggers.de\/blog\/wertschaetzung\/\" title=\"Wertsch\u00e4tzung zeigen und erfahren\" data-css=\"\">Wertsch\u00e4tzung zeigen und erfahren<\/a><\/span><\/h2>\n<p><a href=\"https:\/\/staging25.judith-eggers.de\/blog\/wertschaetzung\/\"><span style=\"\"><span data-tcb_hover_state_parent=\"\" style=\"\">mehr lesen<\/span><\/span><\/a><a href=\"https:\/\/staging25.judith-eggers.de\/blog\/neu-als-fuehrungskraft-2\/\" dynamic-postlink=\"tcb_post_the_permalink\" data-shortcode-id=\"222426\"><\/a><\/p>\n<h2><span data-shortcode=\"tcb_post_title\" data-shortcode-name=\"Post title\" data-extra_key=\"\" data-attr-link=\"1\" data-attr-target=\"0\" data-attr-rel=\"0\" data-option-inline=\"1\" data-attr-static-link=\"{&quot;className&quot;:&quot;&quot;,&quot;href&quot;:&quot;https:\/\/judith-eggers.de\/blog\/fuehrung-lernen\/&quot;,&quot;title&quot;:&quot;Auf dem Weg zur F\u00fchrungskraft: Tipps f\u00fcr Ihre pers\u00f6nliche Standortbestimmung&quot;,&quot;class&quot;:&quot;&quot;}\" data-attr-css=\"\"><a href=\"https:\/\/staging25.judith-eggers.de\/blog\/neu-als-fuehrungskraft-2\/\" title=\"Die erste F\u00fchrungsposition \u2013 10 h\u00e4ufige Anf\u00e4nger-Fehler\" data-css=\"\">Die erste F\u00fchrungsposition \u2013 10 h\u00e4ufige Anf\u00e4nger-Fehler<\/a><\/span><\/h2>\n<p><a href=\"https:\/\/staging25.judith-eggers.de\/blog\/neu-als-fuehrungskraft-2\/\"><span style=\"\"><span data-tcb_hover_state_parent=\"\" style=\"\">mehr lesen<\/span><\/span><\/a><\/p>\n","protected":false},"excerpt":{"rendered":"<p>Sparring f\u00fcr F\u00fchrungskr\u00e4fte Menschen verstehen und f\u00fchren&nbsp; Sie sind F\u00fchrungskraft und m\u00f6chten im Unternehmen etwas bewegen. &nbsp;Ohne sich zu verbiegen und ohne sich allein zu f\u00fchlen. Sie \u00fcbernehmen gerade eine neue F\u00fchrungsverantwortung. &nbsp;Viele Erwartungen und Dynamik wirken auf Sie ein.&nbsp; Sie haben schon F\u00fchrungserfahrung. Es wird Zeit f\u00fcr Ihren eigenen Stil, Ihre eigene Wirkung. Sie &#8230; <a title=\"F\u00fchrungskr\u00e4fte\" class=\"read-more\" href=\"https:\/\/staging25.judith-eggers.de\/index.php\/sparring-fuer-fuehrungskraefte\/\" aria-label=\"Mehr Informationen \u00fcber F\u00fchrungskr\u00e4fte\">Weiterlesen<\/a><\/p>\n","protected":false},"author":1,"featured_media":0,"parent":0,"menu_order":18,"comment_status":"closed","ping_status":"closed","template":"","meta":{"footnotes":""},"class_list":["post-227896","page","type-page","status-publish"],"_links":{"self":[{"href":"https:\/\/staging25.judith-eggers.de\/index.php\/wp-json\/wp\/v2\/pages\/227896","targetHints":{"allow":["GET"]}}],"collection":[{"href":"https:\/\/staging25.judith-eggers.de\/index.php\/wp-json\/wp\/v2\/pages"}],"about":[{"href":"https:\/\/staging25.judith-eggers.de\/index.php\/wp-json\/wp\/v2\/types\/page"}],"author":[{"embeddable":true,"href":"https:\/\/staging25.judith-eggers.de\/index.php\/wp-json\/wp\/v2\/users\/1"}],"replies":[{"embeddable":true,"href":"https:\/\/staging25.judith-eggers.de\/index.php\/wp-json\/wp\/v2\/comments?post=227896"}],"version-history":[{"count":0,"href":"https:\/\/staging25.judith-eggers.de\/index.php\/wp-json\/wp\/v2\/pages\/227896\/revisions"}],"wp:attachment":[{"href":"https:\/\/staging25.judith-eggers.de\/index.php\/wp-json\/wp\/v2\/media?parent=227896"}],"curies":[{"name":"wp","href":"https:\/\/api.w.org\/{rel}","templated":true}]}}