{"id":227734,"date":"2025-02-14T19:17:19","date_gmt":"2025-02-14T18:17:19","guid":{"rendered":"https:\/\/judith-eggers.de\/?page_id=227734"},"modified":"2026-03-29T16:25:13","modified_gmt":"2026-03-29T16:25:13","slug":"home-2","status":"publish","type":"page","link":"https:\/\/staging25.judith-eggers.de\/","title":{"rendered":"Start"},"content":{"rendered":"\n<div>\n<div>\n<h2 class=\"gb-text\"><strong>Endlich wieder mit Freude zur Arbeit \u2013 und entspannt ins Wochenende<\/strong><\/h2>\n\n\n\n<div>\n<p class=\"gb-text\">Stellen Sie sich vor, Sie starten motiviert in den Arbeitstag, gehen abends mit einem guten Gef\u00fchl nach Hause \u2013 und haben wieder Zeit und Energie f\u00fcr Ihre Familie, Hobbys und f\u00fcr sich selbst.<br><\/p>\n\n\n\n<div class=\"gb-element-3a710c6a\">\n<div>\n<p class=\"gb-text\"><strong>Als erfahrener Professional<\/strong><\/p>\n\n\n\n<ul class=\"wp-block-list\">\n<li>fragen Sie sich: &#8222;War das schon alles?&#8220; <\/li>\n\n\n\n<li>fehlen Ihnen echte Perspektiven f\u00fcr Ihre Karriere<\/li>\n\n\n\n<li>suchen Sie nach mehr Sinn, mehr Zufriedenheit<\/li>\n\n\n\n<li>zweifeln Sie: &#8222;Soll das wirklich mein beruflicher H\u00f6hepunkt gewesen sein?&#8220;<\/li>\n<\/ul>\n\n\n\n<p class=\"gb-text\"><strong>Ich wei\u00df, wie sich das anf\u00fchlen kann<\/strong> <\/p>\n\n\n\n<p>Meine Klientin Ruth war unzufrieden mit der Situation am Arbeitsplatz. Die Aufgaben waren immer mehr zur Routine geworden. Die Arbeitsbelastung war hoch, neue Perspektiven nicht erkennbar. Sollte Sie k\u00fcndigen?<br>\u00a0<br>Oder bleiben &#8211; gute Bezahlung, vertrautes Umfeld?<br>\u00a0<br>Schlafprobleme, Gr\u00fcbeleien am Wochenende, ihre \u00fcberwiegend schlechte Laune wurden zur Belastung in Ihrer Partnerschaft<\/p>\n<\/div>\n\n\n\n<div>\n<p class=\"gb-text\"><strong>Als F\u00fchrungskraft<\/strong>\u00a0<\/p>\n\n\n\n<ul class=\"wp-block-list\">\n<li>m\u00f6chten Sie nicht nur funktionieren, sondern wirksam f\u00fchren.<\/li>\n\n\n\n<li>w\u00fcnschen Sie sich Teams, die engagiert und produktiv sind, statt Ihnen Sorgen zu bereiten.<\/li>\n\n\n\n<li>m\u00f6chten Sie klar f\u00fchren, ohne sich selbst zu verbiegen.<\/li>\n<\/ul>\n\n\n\n<p class=\"gb-text\"><strong>Ich wei\u00df, wie sich das anf\u00fchlen kann <\/strong><\/p>\n\n\n\n<p><em>Mein Klient Philipp stand genau an diesem Punkt:\u00a0<\/em><br><em>Er \u00fcberlegte ernsthaft, seine F\u00fchrungsposition aufzugeben.<\/em><br><em>Sein Team hatte hohe Fehlzeiten, die Ergebnisse blieben hinter den Erwartungen zur\u00fcck.\u00a0<\/em><br><em><br>Zahlreiche Aufgaben\u00a0musste er selbst erledigen. Es blieb immer weniger Zeit f\u00fcr eigenen Aufgaben, was zu zahlreichen \u00dcberstunden f\u00fchrte.<\/em><\/p>\n<\/div>\n<\/div>\n<\/div>\n\n\n\n<p class=\"gb-text gb-text-725b0402\">Beide Klienten machte die Situation unzufrieden \u2013 beruflich wie privat.<br><\/p>\n\n\n\n<p class=\"gb-text gb-text-eaafd121\">\u00a0<br>In meinem Sparring oder Coaching begleite ich Sie individuell auf ihrem Weg. <br>Wir beginnen genau dort, wo sie gerade stehen:<\/p>\n\n\n\n<div>\n<div class=\"gb-element-b1fc361c\">\n<div>\n<p class=\"gb-text\"><strong>Die L\u00f6sung:<\/strong><br><strong>Klarheit. Orientierung. Entwicklung<\/strong><\/p>\n\n\n\n<ul class=\"wp-block-list\">\n<li>Sie gewinnen neue Klarheit \u00fcber Ihre berufliche Rolle und Zukunft<\/li>\n\n\n\n<li>Sie st\u00e4rken Ihre Kompetenzen im Umgang mit Menschen, Teams und Ver\u00e4nderung,<\/li>\n\n\n\n<li>Sie entwickeln <strong>Strategien<\/strong>, wie Sie wirksamer arbeiten, weniger belastet sind \u2013 und wieder <strong>Freude im Job<\/strong> erleben.<\/li>\n<\/ul>\n<\/div>\n\n\n\n<div>\n<p class=\"gb-text\"><br><strong>Das Ergebnis:<\/strong><\/p>\n\n\n\n<ul class=\"wp-block-list\">\n<li>Sie gehen wieder gut gelaunt zur Arbeit<strong>.<\/strong>\u00a0<\/li>\n\n\n\n<li>Sie haben mehr Zeit f\u00fcr Ihre Familie.\u00a0<\/li>\n\n\n\n<li>Am Wochenende k\u00f6nnen Sie\u00a0<strong>endlich abschalten.<\/strong><\/li>\n<\/ul>\n<\/div>\n<\/div>\n<\/div>\n<\/div>\n\n\n\n<div><\/div>\n\n\n\n<h2 class=\"gb-text\">\u201eKlar, empathisch, l\u00f6sungsorientiert\u201c \u2013 was andere \u00fcber die Zusammenarbeit sagen<\/h2>\n\n\n\n<div class=\"gbp-section\">\n<div class=\"gb-element-37507f51\">\n<div class=\"gb-element-9ec2c2c4\">\n<div class=\"gb-text gbp-section__text gb-text-2664dd94\">&#8222;Neben einer gr\u00fcndlichen Bestandsaufnahme (inklusive Vergangenheitsbew\u00e4ltigung) haben Sie mir immer vermittelt, dass es so ODER so weitergehen kann.<br>Sie haben mich \u00fcberzeugt, dass eine Neuorientierung eine Chance sei. Ermutigend war f\u00fcr mich, dass Sie mir die Angst vor neuen Aufgaben in neuen Umgebungen genommen haben..&#8220;<\/div>\n\n\n\n<div class=\"gb-element-64f21719\">\n<div class=\"gb-text gb-text-d17918f9\">Stefan<\/div>\n\n\n\n<div class=\"gb-text gb-text-dc1c0b7d\"><em>Technischer Redakteur<\/em><\/div>\n<\/div>\n\n\n\n<div class=\"gb-element-f1a4b1be\"><\/div>\n<\/div>\n\n\n\n<div class=\"gb-element-dbcaf992\">\n<div class=\"gb-text gbp-section__text gb-text-d66770e6\">&#8222;<br>Durch die Sparring-Termine mit Frau Eggers habe ich gelernt, wie wichtig es ist, verschiedene Perspektiven zu h\u00f6ren.\u00a0<br>Die kritischen Diskussionen haben mir geholfen, Projekte effizienter zu steuern und alle Teammitglieder besser einzubeziehen.&#8220;<\/div>\n\n\n\n<div class=\"gb-element-821b2653\">\n<div class=\"gb-element-bf7e5985\">\n<div class=\"gb-text gb-text-0d3cb201\">Martin<\/div>\n\n\n\n<div class=\"gb-text gb-text-0a802261\">Projejktleiter<\/div>\n<\/div>\n<\/div>\n<\/div>\n<\/div>\n<\/div>\n<\/div>\n\n\n\n<p><\/p>\n\n\n\n<div class=\"gbp-section\">\n<div class=\"gbp-section__inner gbp-card--border gb-element-af9fa9c3\">\n<div class=\"gb-element-b40e6f8a\">\n<h2 class=\"gb-text gb-text-0ef0f998\">Sie wollen mehr erfahren<\/h2>\n\n\n\n<div class=\"gb-element-546acb4c\">\n<a class=\"gb-text gbp-button--primary\" href=\"#\">F\u00fcr F\u00fchrungskr\u00e4fte<\/a>\n\n\n\n<a class=\"gb-text gbp-button--secondary\" href=\"#\"><strong>f\u00fcr Professionals<\/strong><\/a>\n<\/div>\n<\/div>\n<\/div>\n<\/div>\n\n\n\n<div class=\"gbp-section\">\n<div class=\"gbp-section__inner gb-element-353c8d67\">\n<div class=\"gb-element-afeb7349\">\n<figure class=\"wp-block-image size-large\"><img loading=\"lazy\" decoding=\"async\" width=\"1024\" height=\"1024\" src=\"https:\/\/staging25.judith-eggers.de\/wp-content\/uploads\/2025\/04\/2403_Judith_Eggers-0207q_2400px-1024x1024.jpg\" alt=\"\" class=\"wp-image-228165\" srcset=\"https:\/\/staging25.judith-eggers.de\/wp-content\/uploads\/2025\/04\/2403_Judith_Eggers-0207q_2400px-1024x1024.jpg 1024w, https:\/\/staging25.judith-eggers.de\/wp-content\/uploads\/2025\/04\/2403_Judith_Eggers-0207q_2400px-300x300.jpg 300w, https:\/\/staging25.judith-eggers.de\/wp-content\/uploads\/2025\/04\/2403_Judith_Eggers-0207q_2400px-150x150.jpg 150w, https:\/\/staging25.judith-eggers.de\/wp-content\/uploads\/2025\/04\/2403_Judith_Eggers-0207q_2400px-768x768.jpg 768w, https:\/\/staging25.judith-eggers.de\/wp-content\/uploads\/2025\/04\/2403_Judith_Eggers-0207q_2400px-1536x1536.jpg 1536w, https:\/\/staging25.judith-eggers.de\/wp-content\/uploads\/2025\/04\/2403_Judith_Eggers-0207q_2400px-2048x2048.jpg 2048w\" sizes=\"auto, (max-width: 1024px) 100vw, 1024px\" \/><\/figure>\n<\/div>\n\n\n\n<div class=\"gb-element-5ce1975a\">\n<div class=\"gb-text gb-text-a2e03bd8\"><strong>\u00dcber mich \u2013 Judith Eggers<\/strong><\/div>\n\n\n\n<div class=\"gb-text gb-text-87eed728\"><em>Karriere-Navigatorin f\u00fcr<\/em><br><em>F\u00fchrungskr\u00e4fte und erfahrene Professionals<\/em>Job Title<\/div>\n\n\n\n<p class=\"gb-text gbp-section__text gb-text-86b1fc0f\"><strong>Individuelle Karriere-Entwicklung \u2013 klar, pragmatisch, auf Augenh\u00f6he.<\/strong><br>Sie tragen Verantwortung. F\u00fcr Ergebnisse, Menschen, Projekte \u2013 und oft daf\u00fcr, dass \u201ees irgendwie l\u00e4uft\u201c.<br><br>Und genau deshalb kommt irgendwann der Punkt, an dem Sie merken: Karriere-Entwicklung passiert nicht nebenbei. Sie braucht Klarheit, Richtung und Entscheidungen, die im Alltag standhalten.<br>Ich unterst\u00fctze Sie dabei, Ihren n\u00e4chsten Schritt sauber zu sortieren \u2013 ob es um Ihre F\u00fchrungsrolle geht, um eine neue Position oder um die Frage:<br><strong>Bleiben, wechseln oder neu ausrichten?<\/strong><br><br>Mein Stil ist direkt, respektvoll und l\u00f6sungsorientiert: Wir bringen Struktur in Ihr Thema \u2013 und Umsetzung in Ihren Kalender.<\/p>\n<\/div>\n<\/div>\n<\/div>\n\n\n\n<div class=\"gbp-section\">\n<div class=\"gbp-section__inner gbp-card--border gb-element-808a1f7a\">\n<div>\n<div class=\"gb-element-909708e7\">\n<a class=\"gb-text gbp-button--primary\" href=\"#\">Ihr Gratisgespr\u00e4ch vereinbaren<\/a>\n<\/div>\n<\/div>\n<\/div>\n<\/div>\n\n\n\n<p><\/p>\n","protected":false},"excerpt":{"rendered":"<p>Endlich wieder mit Freude zur Arbeit \u2013 und entspannt ins Wochenende Stellen Sie sich vor, Sie starten motiviert in den Arbeitstag, gehen abends mit einem guten Gef\u00fchl nach Hause \u2013 und haben wieder Zeit und Energie f\u00fcr Ihre Familie, Hobbys und f\u00fcr sich selbst. Als erfahrener Professional Ich wei\u00df, wie sich das anf\u00fchlen kann Meine &#8230; <a title=\"Start\" class=\"read-more\" href=\"https:\/\/staging25.judith-eggers.de\/\" aria-label=\"Mehr Informationen \u00fcber Start\">Weiterlesen<\/a><\/p>\n","protected":false},"author":1,"featured_media":0,"parent":0,"menu_order":22,"comment_status":"closed","ping_status":"closed","template":"","meta":{"footnotes":""},"class_list":["post-227734","page","type-page","status-publish"],"_links":{"self":[{"href":"https:\/\/staging25.judith-eggers.de\/index.php\/wp-json\/wp\/v2\/pages\/227734","targetHints":{"allow":["GET"]}}],"collection":[{"href":"https:\/\/staging25.judith-eggers.de\/index.php\/wp-json\/wp\/v2\/pages"}],"about":[{"href":"https:\/\/staging25.judith-eggers.de\/index.php\/wp-json\/wp\/v2\/types\/page"}],"author":[{"embeddable":true,"href":"https:\/\/staging25.judith-eggers.de\/index.php\/wp-json\/wp\/v2\/users\/1"}],"replies":[{"embeddable":true,"href":"https:\/\/staging25.judith-eggers.de\/index.php\/wp-json\/wp\/v2\/comments?post=227734"}],"version-history":[{"count":18,"href":"https:\/\/staging25.judith-eggers.de\/index.php\/wp-json\/wp\/v2\/pages\/227734\/revisions"}],"predecessor-version":[{"id":228900,"href":"https:\/\/staging25.judith-eggers.de\/index.php\/wp-json\/wp\/v2\/pages\/227734\/revisions\/228900"}],"wp:attachment":[{"href":"https:\/\/staging25.judith-eggers.de\/index.php\/wp-json\/wp\/v2\/media?parent=227734"}],"curies":[{"name":"wp","href":"https:\/\/api.w.org\/{rel}","templated":true}]}}