{"id":226233,"date":"2022-09-15T13:06:00","date_gmt":"2022-09-15T11:06:00","guid":{"rendered":"https:\/\/judith-eggers.eu\/clone-of-wl-danke-warteliste-raus-aus\/"},"modified":"2022-09-15T13:06:00","modified_gmt":"2022-09-15T11:06:00","slug":"clone-of-wl-danke-warteliste-raus-aus","status":"publish","type":"page","link":"https:\/\/staging25.judith-eggers.de\/index.php\/clone-of-wl-danke-warteliste-raus-aus\/","title":{"rendered":"Webinar Danke \u2013 Raus aus dem Jobfrust"},"content":{"rendered":"<h2 style=\"text-align: center;\"><\/h2>\n<h2 style=\"text-align: center;\">Es hat geklappt!&nbsp;<\/h2>\n<h2 style=\"text-align: center;\">Du bist f\u00fcr das gratis Live-Webinar&#8220;Raus aus dem dem Jobfrust in vier Schritten&#8220;<\/h2>\n<h2 style=\"text-align: center;\">&nbsp;am 29. &nbsp;September 2022 um 17:00 Uhr angemeldet<\/h2>\n<p style=\"text-align: center;\"><strong>Falls Du meine Karriere Post noch nicht kennst, kannst Du sie hier abonnieren.<\/strong><\/p>\n<p style=\"text-align: center;\"><strong>Einmal im Monat bekommst Du Tipps zu beruflichen Themen und ich stelle Dir meine neuesten Blogbeitr\u00e4ge vor.<\/strong><\/p>\n<p><span style=\"\"><img decoding=\"async\" alt=\"Judith Eggers\" data-id=\"224062\" width=\"574\" data-init-width=\"2560\" height=\"541\" data-init-height=\"2413\" title=\"Karrierepost\" src=\"https:\/\/judith-eggers.com\/wp-content\/uploads\/Startseite-scaled.jpeg\" data-width=\"574\" data-height=\"541\" style=\"\" mt-d=\"0\" ml-d=\"-118\" center-h-d=\"false\" loading=\"lazy\"><\/span><\/p>\n<p><strong>Hallo ich bin Judith Eggers,<\/strong><\/p>\n<p><span style=\"font-size: 18px; font-family: Lato; font-weight: 400;\">als erfahrener Karriere-Coach helfe ich Ihnen dabei Klarheit f\u00fcr Ihre beruflichen Fragestellungen zu finden.<\/span><\/p>\n<p><span style=\"font-size: 18px; font-family: Lato; font-weight: 400;\">Nach vielen Jahren als F\u00fchrungskraft in mittelst\u00e4ndischen Unternehmen, habe ich 2001 meinen Job aus organisatorischen Gr\u00fcnden verloren. F\u00fcr mich war das der Ausl\u00f6ser, um mich 2002 selbst\u00e4ndig zu machen. Das war meine Chance endlich das zu tun, was ich wirklich von Herzen gerne tue. Menschen zu ermutigen, das zu tun, was sie wirklich wollen. &nbsp;<\/span><\/p>\n<p style=\"\">Um ein gutes Fundament zu haben, habe ich 2001\/2002 &nbsp;eine umfangreichen Ausbildung zum systemischen Coach gemacht. 2010 habe ich mich als Gr\u00fcndungs-Coach zertifizieren lassen.&nbsp;<\/p>\n<p style=\"\">In vielen Jahren habe ich zahlreiche Klienten erfolgreich bei Ihrem Weg in die Selbst\u00e4ndigkeit begleitet.<\/p>\n<p><span><img decoding=\"async\" alt=\"Zertifikat\" data-id=\"224991\" width=\"166\" data-init-width=\"692\" height=\"166\" data-init-height=\"692\" title=\"bqz_qualsiegel_rund neu\" loading=\"lazy\" src=\"https:\/\/judith-eggers.com\/wp-content\/uploads\/bqz_qualsiegel_rund-neu.jpg\" data-width=\"166\" data-height=\"166\" style=\"\"><\/span><\/p>\n","protected":false},"excerpt":{"rendered":"<p>Es hat geklappt!&nbsp; Du bist f\u00fcr das gratis Live-Webinar&#8220;Raus aus dem dem Jobfrust in vier Schritten&#8220; &nbsp;am 29. &nbsp;September 2022 um 17:00 Uhr angemeldet Falls Du meine Karriere Post noch nicht kennst, kannst Du sie hier abonnieren. Einmal im Monat bekommst Du Tipps zu beruflichen Themen und ich stelle Dir meine neuesten Blogbeitr\u00e4ge vor. Hallo &#8230; <a title=\"Webinar Danke \u2013 Raus aus dem Jobfrust\" class=\"read-more\" href=\"https:\/\/staging25.judith-eggers.de\/index.php\/clone-of-wl-danke-warteliste-raus-aus\/\" aria-label=\"Mehr Informationen \u00fcber Webinar Danke \u2013 Raus aus dem Jobfrust\">Weiterlesen<\/a><\/p>\n","protected":false},"author":1,"featured_media":0,"parent":0,"menu_order":11,"comment_status":"closed","ping_status":"closed","template":"","meta":{"footnotes":""},"class_list":["post-226233","page","type-page","status-publish"],"_links":{"self":[{"href":"https:\/\/staging25.judith-eggers.de\/index.php\/wp-json\/wp\/v2\/pages\/226233","targetHints":{"allow":["GET"]}}],"collection":[{"href":"https:\/\/staging25.judith-eggers.de\/index.php\/wp-json\/wp\/v2\/pages"}],"about":[{"href":"https:\/\/staging25.judith-eggers.de\/index.php\/wp-json\/wp\/v2\/types\/page"}],"author":[{"embeddable":true,"href":"https:\/\/staging25.judith-eggers.de\/index.php\/wp-json\/wp\/v2\/users\/1"}],"replies":[{"embeddable":true,"href":"https:\/\/staging25.judith-eggers.de\/index.php\/wp-json\/wp\/v2\/comments?post=226233"}],"version-history":[{"count":0,"href":"https:\/\/staging25.judith-eggers.de\/index.php\/wp-json\/wp\/v2\/pages\/226233\/revisions"}],"wp:attachment":[{"href":"https:\/\/staging25.judith-eggers.de\/index.php\/wp-json\/wp\/v2\/media?parent=226233"}],"curies":[{"name":"wp","href":"https:\/\/api.w.org\/{rel}","templated":true}]}}