{"id":225721,"date":"2022-08-05T18:09:49","date_gmt":"2022-08-05T16:09:49","guid":{"rendered":"https:\/\/judith-eggers.eu\/clone-of-download-leitfaden-stellenanzeigen\/"},"modified":"2022-08-05T18:09:49","modified_gmt":"2022-08-05T16:09:49","slug":"download-werte-leben","status":"publish","type":"page","link":"https:\/\/staging25.judith-eggers.de\/index.php\/download-werte-leben\/","title":{"rendered":"Download Workbook Werte leben"},"content":{"rendered":"<p><span style=\"width: 100%;\"><img decoding=\"async\" alt=\"\" width=\"527\" height=\"745\" title=\"Werte-Arbeit - Freebie\" data-id=\"228600\" src=\"https:\/\/staging25.judith-eggers.de\/wp-content\/uploads\/Werte-Arbeit-Freebie.jpg\" style=\"aspect-ratio: auto 1414 \/ 2000;\" data-width=\"527\" data-height=\"745\" data-init-width=\"1414\" data-init-height=\"2000\" loading=\"lazy\"><\/span><\/p>\n<h2><\/h2>\n<p style=\"text-align: center;\"><strong>Vielen Dank!<\/strong><\/p>\n<p style=\"text-align: center;\"><strong>Jetzt Workbook herunter laden!<\/strong><\/p>\n<\/p>\n<h3 style=\"text-align: center;\"><\/h3>\n<p style=\"text-align: center;\"><span style=\"font-size: 20px;\">Viel Spa\u00df bei der Arbeit mit Ihren Werten!<\/span><\/p>\n<p style=\"text-align: center;\"><span style=\"font-size: 20px;\">Herzliche Gr\u00fc\u00dfe<\/span><\/p>\n<p style=\"text-align: center;\"><span>Judith Eggers<\/span><\/p>\n<p><span><img decoding=\"async\" alt=\"\" data-id=\"228478\" width=\"246\" data-init-width=\"1791\" height=\"246\" data-init-height=\"1791\" title=\"Judith-jacket braun\" loading=\"lazy\" src=\"https:\/\/staging25.judith-eggers.de\/wp-content\/uploads\/Judith-jacket-braun-edited.jpg\" data-width=\"246\" data-height=\"246\" style=\"aspect-ratio: auto 1791 \/ 1791;\"><\/span><\/p>\n","protected":false},"excerpt":{"rendered":"<p>Vielen Dank! Jetzt Workbook herunter laden! Viel Spa\u00df bei der Arbeit mit Ihren Werten! Herzliche Gr\u00fc\u00dfe Judith Eggers<\/p>\n","protected":false},"author":1,"featured_media":0,"parent":0,"menu_order":42,"comment_status":"closed","ping_status":"closed","template":"","meta":{"footnotes":""},"class_list":["post-225721","page","type-page","status-publish"],"_links":{"self":[{"href":"https:\/\/staging25.judith-eggers.de\/index.php\/wp-json\/wp\/v2\/pages\/225721","targetHints":{"allow":["GET"]}}],"collection":[{"href":"https:\/\/staging25.judith-eggers.de\/index.php\/wp-json\/wp\/v2\/pages"}],"about":[{"href":"https:\/\/staging25.judith-eggers.de\/index.php\/wp-json\/wp\/v2\/types\/page"}],"author":[{"embeddable":true,"href":"https:\/\/staging25.judith-eggers.de\/index.php\/wp-json\/wp\/v2\/users\/1"}],"replies":[{"embeddable":true,"href":"https:\/\/staging25.judith-eggers.de\/index.php\/wp-json\/wp\/v2\/comments?post=225721"}],"version-history":[{"count":0,"href":"https:\/\/staging25.judith-eggers.de\/index.php\/wp-json\/wp\/v2\/pages\/225721\/revisions"}],"wp:attachment":[{"href":"https:\/\/staging25.judith-eggers.de\/index.php\/wp-json\/wp\/v2\/media?parent=225721"}],"curies":[{"name":"wp","href":"https:\/\/api.w.org\/{rel}","templated":true}]}}