{"id":225431,"date":"2022-06-06T11:34:34","date_gmt":"2022-06-06T11:34:34","guid":{"rendered":"https:\/\/judith-eggers.eu\/clone-of-ds-danke-geh-deinen-weg\/"},"modified":"2022-06-06T11:34:34","modified_gmt":"2022-06-06T11:34:34","slug":"clone-of-ds-danke-geh-deinen-weg","status":"publish","type":"page","link":"https:\/\/staging25.judith-eggers.de\/index.php\/clone-of-ds-danke-geh-deinen-weg\/","title":{"rendered":"DS-Danke \u2013 Entspannt gr\u00fcnden"},"content":{"rendered":"<h1 style=\"text-align: center;\">Entspannt gr\u00fcnden<\/h1>\n<h2 style=\"text-align: center;\"><span style=\"color: rgb(163, 87, 118);\">Vielen Dank f\u00fcr Deine Buchung des Workshops&nbsp;<\/span><\/h2>\n<p style=\"text-align: center;\"><span style=\"color: rgb(163, 87, 118);\">&#8222;Entspannt gr\u00fcnden&#8220;<\/span><\/p>\n<\/p>\n<p style=\"text-align: center;\">\n<h4 style=\"text-align: center;\"><span><span><span>Du erh\u00e4ltst &nbsp;als n\u00e4chstes eine Mail mit den Zugangsdaten zu unserem Workshop.&nbsp;<\/span><\/span><\/span><\/h4>\n<h4 style=\"text-align: center;\"><span><span><span>Der Workshop findet am 30. Juni 2022 statt.<\/span><\/span><\/span><span><span><span>Wir starten um 09:30 Uhr<\/span><\/span><\/span><\/h4>\n<p><span><img decoding=\"async\" alt=\"Entspannt gr\u00fcnden\" data-id=\"224062\" width=\"277\" height=\"261\" title=\"Judith Eggers\" src=\"https:\/\/judith-eggers.com\/wp-content\/uploads\/Startseite-scaled.jpeg\" style=\"aspect-ratio: auto 2560 \/ 2413;\" data-width=\"277\" data-height=\"261\" data-init-width=\"2560\" data-init-height=\"2413\" loading=\"lazy\"><\/span><\/p>\n<p style=\"\">Ich freue mich auf unsere erfolgreiche Zusammenarbeit!<\/p>\n<p style=\"\">\n<p style=\"\">\n<p style=\"\">Judith Eggers<\/p>\n<p style=\"text-align: center;\"><span style=\"color: rgb(255, 255, 255); font-family: Lato; font-weight: 400;\">Das Programm wird standardm\u00e4\u00dfig \u00fcber den Dienstleister Digistore24 abgewickelt.&nbsp;<\/span><\/p>\n<p style=\"text-align: center;\"><span style=\"color: rgb(255, 255, 255); font-family: Lato; font-weight: 400;\">Du erh\u00e4ltst eine Best\u00e4tigung Deiner Buchung direkt von Digistore<\/span><\/p>\n","protected":false},"excerpt":{"rendered":"<p>Entspannt gr\u00fcnden Vielen Dank f\u00fcr Deine Buchung des Workshops&nbsp; &#8222;Entspannt gr\u00fcnden&#8220; Du erh\u00e4ltst &nbsp;als n\u00e4chstes eine Mail mit den Zugangsdaten zu unserem Workshop.&nbsp; Der Workshop findet am 30. Juni 2022 statt.Wir starten um 09:30 Uhr Ich freue mich auf unsere erfolgreiche Zusammenarbeit! Judith Eggers Das Programm wird standardm\u00e4\u00dfig \u00fcber den Dienstleister Digistore24 abgewickelt.&nbsp; Du erh\u00e4ltst &#8230; <a title=\"DS-Danke \u2013 Entspannt gr\u00fcnden\" class=\"read-more\" href=\"https:\/\/staging25.judith-eggers.de\/index.php\/clone-of-ds-danke-geh-deinen-weg\/\" aria-label=\"Mehr Informationen \u00fcber DS-Danke \u2013 Entspannt gr\u00fcnden\">Weiterlesen<\/a><\/p>\n","protected":false},"author":1,"featured_media":0,"parent":0,"menu_order":41,"comment_status":"closed","ping_status":"closed","template":"","meta":{"footnotes":""},"class_list":["post-225431","page","type-page","status-publish"],"_links":{"self":[{"href":"https:\/\/staging25.judith-eggers.de\/index.php\/wp-json\/wp\/v2\/pages\/225431","targetHints":{"allow":["GET"]}}],"collection":[{"href":"https:\/\/staging25.judith-eggers.de\/index.php\/wp-json\/wp\/v2\/pages"}],"about":[{"href":"https:\/\/staging25.judith-eggers.de\/index.php\/wp-json\/wp\/v2\/types\/page"}],"author":[{"embeddable":true,"href":"https:\/\/staging25.judith-eggers.de\/index.php\/wp-json\/wp\/v2\/users\/1"}],"replies":[{"embeddable":true,"href":"https:\/\/staging25.judith-eggers.de\/index.php\/wp-json\/wp\/v2\/comments?post=225431"}],"version-history":[{"count":0,"href":"https:\/\/staging25.judith-eggers.de\/index.php\/wp-json\/wp\/v2\/pages\/225431\/revisions"}],"wp:attachment":[{"href":"https:\/\/staging25.judith-eggers.de\/index.php\/wp-json\/wp\/v2\/media?parent=225431"}],"curies":[{"name":"wp","href":"https:\/\/api.w.org\/{rel}","templated":true}]}}