{"id":224527,"date":"2021-11-19T09:11:46","date_gmt":"2021-11-19T09:11:46","guid":{"rendered":"https:\/\/judith-eggers.eu\/clone-of-boss-ich-will-mehr-geld-tipps-fuer-erfolgreiche-gehaltsverhandlungen\/"},"modified":"2021-11-19T09:11:46","modified_gmt":"2021-11-19T09:11:46","slug":"leitfaden-stellenanzeigen","status":"publish","type":"page","link":"https:\/\/staging25.judith-eggers.de\/index.php\/leitfaden-stellenanzeigen\/","title":{"rendered":"FB Stellenanzeigen entschl\u00fcsseln \u2013 ein Leitfaden"},"content":{"rendered":"<h1 style=\"text-align: center;\"><span>Stellenanzeigen entschl\u00fcsseln<\/span><\/h1>\n<p><span><img decoding=\"async\" alt=\"Leitfaden\" data-id=\"224023\" width=\"443\" data-init-width=\"1414\" height=\"626\" data-init-height=\"2000\" title=\"Stellenanzeigen entschlu\u0308sseln\" src=\"https:\/\/judith-eggers.com\/wp-content\/uploads\/Stellenanzeigen-entschlu\u0308sseln.jpeg\" data-width=\"443\" data-height=\"626\" loading=\"lazy\" style=\"aspect-ratio: auto 1414 \/ 2000;\"><\/span><\/p>\n<p dir=\"ltr\" style=\"\">\n<ul>\n<li><span style=\"\"><span style=\"\">Sie sind auf der Suche nach einen neuen Job?<\/span><\/span><\/li>\n<li><span style=\"\"><span style=\"\">Sie schauen regelm\u00e4\u00dfig auf den diversen Jobb\u00f6rsen, &nbsp;Internetforen und Homepages nach Stellenangeboten?<\/span><\/span><\/li>\n<li><span style=\"\"><span style=\"\"><span style=\"\">Geht es Ihnen wie meinen Coachee &#8211; Sie verstehen oft nicht wirklich, was Se von der Stellenausschreibung halten sollen?<\/span><\/span><\/span><\/li>\n<\/ul>\n<p dir=\"ltr\" style=\"\"><span style=\"\"><span style=\"\"><span style=\"\">Dann ist dieser Leitfaden zum Entschl\u00fcsseln von Stellenanzeigen genau richtig f\u00fcr Sie.<\/span><\/span><\/span><\/p>\n<p dir=\"ltr\" style=\"\"><span style=\"\"><span style=\"\"><span style=\"\">Sie erfahren was hinter vielen Formulierungen steckt.<\/span><\/span><\/span><\/p>\n<p dir=\"ltr\" style=\"\"><span style=\"\"><span style=\"\"><span style=\"\">Mein Leitfaden soll Ihnen dabei helfen, die passenden Jobs auszuw\u00e4hlen und sich gezielt zu bewerben.<\/span><\/span><\/span><\/p>\n<p dir=\"ltr\" style=\"\"><span style=\"\">Holen Sie sich meinen Leitfaden<\/span><\/p>\n<h2 style=\"text-align: left;\"><b>Versteckte Hinweise<\/b><\/h2>\n<p style=\"\">Es gibt Formulierungen in Stellenanzeigen auf die Sie entsprechend achten sollten. z. B.<\/p>\n<ul>\n<li style=\"\"><span style=\"\">In einen Unternehmen das \u201eBelastbarkeit\u201c erwartet, kann ein raues, ruppiges Klima herrschen.<\/span><\/li>\n<li style=\"\"><span style=\"\">Wer betont, wir sind ein junges Team \/ Unternehmen, muss mit Chaos und \u00dcberstunden rechnen, oft ist auch die Bezahlung schlechter.<\/span><\/li>\n<\/ul>\n<p style=\"\"><span style=\"\">Die ist nur ein kleines Beispiel &#8211; viel mehr erfahren Sie in meinen Leitfaden<\/span><\/p>\n<p><span style=\"\"><img decoding=\"async\" alt=\"Stellenanzeigen verstehen\" data-id=\"223578\" width=\"389\" data-init-width=\"891\" height=\"235\" data-init-height=\"539\" title=\"Jobsuche\" src=\"https:\/\/judith-eggers.com\/wp-content\/uploads\/Berufeinstieg.jpg\" data-width=\"389\" data-height=\"235\" style=\"aspect-ratio: auto 891 \/ 539;\" mt-d=\"0\" center-v-d=\"false\" mt-m=\"-48\" center-v-m=\"false\" ml-d=\"-1\" center-h-d=\"false\" ml-m=\"0\" loading=\"lazy\"><\/span><span style=\"\"><img decoding=\"async\" alt=\"Leitfaden\" data-id=\"224023\" width=\"293\" data-init-width=\"1414\" height=\"414\" data-init-height=\"2000\" title=\"Stellenanzeigen entschlu\u0308sseln\" src=\"https:\/\/judith-eggers.com\/wp-content\/uploads\/Stellenanzeigen-entschlu\u0308sseln.jpeg\" data-width=\"293\" data-height=\"414\" style=\"aspect-ratio: auto 1414 \/ 2000;\" ml-d=\"0\" mt-d=\"-17\" center-v-d=\"false\" loading=\"lazy\"><\/span><\/p>\n<p style=\"text-align: left; color: rgb(12, 17, 21) !important; --tcb-applied-color:rgb(12, 17, 21)  !important;\">\n<p style=\"text-align: left; color: rgb(12, 17, 21) !important; --tcb-applied-color:rgb(12, 17, 21)  !important;\">\n<p style=\"text-align: left; color: rgb(12, 17, 21) !important; --tcb-applied-color:rgb(12, 17, 21)  !important;\">\n<p style=\"text-align: left; color: rgb(12, 17, 21) !important; --tcb-applied-color:rgb(12, 17, 21)  !important;\"><span style=\"--tcb-applied-color:rgb(12, 17, 21)  !important;\">Die richtige Stellenanzeige ausw\u00e4hlen und sich erfolgreich bewerben.<\/span><\/p>\n<p><span style=\"\"><img decoding=\"async\" alt=\"G\u00fcndungscoaching\" data-id=\"227233\" width=\"319\" data-init-width=\"2400\" height=\"319\" data-init-height=\"2400\" title=\"\u00dcber mich\" src=\"https:\/\/judith-eggers.com\/wp-content\/uploads\/Judith-b-w-Fenster.jpg\" data-width=\"319\" data-height=\"319\" style=\"aspect-ratio: auto 2400 \/ 2400;\" ml-d=\"-21.718999999999994\" mt-d=\"0\" loading=\"lazy\"><\/span><\/p>\n<p style=\"\">Hallo ich bin Judith Eggers,<\/p>\n<p style=\"\"><span style=\"color: rgb(12, 17, 21); font-weight: 400;\">Seit 18 Jahren arbeite ich als Karriere- und Businesscoach. Davor war ich viele Jahre als F\u00fchrungskraft im Personalwesen in verschiedenen Branchen t\u00e4tig.&nbsp;<\/span><\/p>\n<p style=\"\"><span style=\"color: rgb(12, 17, 21); font-weight: 400;\">Als Coach unterst\u00fctze ich meine Coachee dabei, den Job zu finden, der wirklich zu Ihnen passt. &nbsp;Wenn es dann an die Jobsuche geht, lernen meine Coachee die richtigen Stellenausschreibungen auszuw\u00e4hlen. &nbsp;Wenn die Stellenausschreibung zu den eigenen W\u00fcnschen und F\u00e4higkeiten passt, wird die Bewerbung ein Erfolg.<\/span><\/p>\n<p style=\"\"><span style=\"font-weight: 400;\"><span style=\"color: rgb(12, 17, 21);\">Vor diesem Hintergrund ist der Leitfaden &#8222;Stellenanzeigen entschl\u00fcsseln&#8220; &nbsp;entstanden. Damit Sie besser aussortieren welcher Job zu Ihnen und Ihren F\u00e4higkeiten passt.<\/span><\/span><\/p>\n","protected":false},"excerpt":{"rendered":"<p>Stellenanzeigen entschl\u00fcsseln Sie sind auf der Suche nach einen neuen Job? Sie schauen regelm\u00e4\u00dfig auf den diversen Jobb\u00f6rsen, &nbsp;Internetforen und Homepages nach Stellenangeboten? Geht es Ihnen wie meinen Coachee &#8211; Sie verstehen oft nicht wirklich, was Se von der Stellenausschreibung halten sollen? Dann ist dieser Leitfaden zum Entschl\u00fcsseln von Stellenanzeigen genau richtig f\u00fcr Sie. Sie &#8230; <a title=\"FB Stellenanzeigen entschl\u00fcsseln \u2013 ein Leitfaden\" class=\"read-more\" href=\"https:\/\/staging25.judith-eggers.de\/index.php\/leitfaden-stellenanzeigen\/\" aria-label=\"Mehr Informationen \u00fcber FB Stellenanzeigen entschl\u00fcsseln \u2013 ein Leitfaden\">Weiterlesen<\/a><\/p>\n","protected":false},"author":1,"featured_media":0,"parent":0,"menu_order":0,"comment_status":"closed","ping_status":"closed","template":"","meta":{"footnotes":""},"class_list":["post-224527","page","type-page","status-publish"],"_links":{"self":[{"href":"https:\/\/staging25.judith-eggers.de\/index.php\/wp-json\/wp\/v2\/pages\/224527","targetHints":{"allow":["GET"]}}],"collection":[{"href":"https:\/\/staging25.judith-eggers.de\/index.php\/wp-json\/wp\/v2\/pages"}],"about":[{"href":"https:\/\/staging25.judith-eggers.de\/index.php\/wp-json\/wp\/v2\/types\/page"}],"author":[{"embeddable":true,"href":"https:\/\/staging25.judith-eggers.de\/index.php\/wp-json\/wp\/v2\/users\/1"}],"replies":[{"embeddable":true,"href":"https:\/\/staging25.judith-eggers.de\/index.php\/wp-json\/wp\/v2\/comments?post=224527"}],"version-history":[{"count":0,"href":"https:\/\/staging25.judith-eggers.de\/index.php\/wp-json\/wp\/v2\/pages\/224527\/revisions"}],"wp:attachment":[{"href":"https:\/\/staging25.judith-eggers.de\/index.php\/wp-json\/wp\/v2\/media?parent=224527"}],"curies":[{"name":"wp","href":"https:\/\/api.w.org\/{rel}","templated":true}]}}