{"id":224521,"date":"2021-11-19T08:58:46","date_gmt":"2021-11-19T08:58:46","guid":{"rendered":"https:\/\/judith-eggers.eu\/clone-of-freebie-gehalt-jetzt-zum-download-bereit\/"},"modified":"2021-11-19T08:58:46","modified_gmt":"2021-11-19T08:58:46","slug":"clone-of-freebie-gehalt-jetzt-zum-download-bereit","status":"publish","type":"page","link":"https:\/\/staging25.judith-eggers.de\/index.php\/clone-of-freebie-gehalt-jetzt-zum-download-bereit\/","title":{"rendered":"Freebie Stellenanzeigen jetzt zum Download bereit"},"content":{"rendered":"<p><span style=\"width: 100%;\"><img loading=\"lazy\" decoding=\"async\" title=\"Stellenanzeigen entschlu\u0308sseln\" src=\"https:\/\/judith-eggers.com\/wp-content\/uploads\/Stellenanzeigen-entschlu\u0308sseln.jpeg\" alt=\"Leitfaden\" width=\"390\" height=\"551\" data-id=\"224023\" data-width=\"390\" data-height=\"551\" data-init-width=\"1414\" data-init-height=\"2000\" \/><\/span><\/p>\n<h2>Jetzt ist es endlich soweit<\/h2>\n<p><span style=\"font-size: 18px;\">hier k\u00f6nnen Sie den Leitfaden direkt Downloaden<\/span><\/p>\n<h3 style=\"text-align: center;\"><a style=\"outline: none;\" href=\"https:\/\/judith-eggers.com\/wp-content\/uploads\/Stellenanzeigen-entschlu\u0308sseln.pdf\" target=\"_blank\" rel=\"noopener\">Stellenanzeigen entschl\u00fcsseln<\/a><\/h3>\n<p>https:\/\/judith-eggers.com\/wp-content\/uploads\/Stellenanzeigen-entschlu\u0308sseln.pdf<\/p>\n<p><span style=\"font-size: 18px;\">Ich w\u00fcnsche Ihnen viel Erfolg, bei entschl\u00fcsseln von Stellenanzeigen.<\/span><\/p>\n<p><span style=\"font-size: 18px;\">Herzliche Gr\u00fc\u00dfe<\/span><\/p>\n<p>Judith Eggers<\/p>\n<p><span style=\"width: 100%;\"><img loading=\"lazy\" decoding=\"async\" title=\"Download Freebie\" src=\"https:\/\/judith-eggers.com\/wp-content\/uploads\/CAI-scaled.jpeg\" alt=\"Judith Eggers\" width=\"285\" height=\"267\" data-id=\"224096\" data-width=\"285\" data-height=\"267\" data-init-width=\"2560\" data-init-height=\"2405\" \/><\/span><\/p>\n<p>PS:\u00a0 Wenn Sie Unterst\u00fctzung bei der Jobsuche w\u00fcnschen, vereinbaren Sie einfach ein Gratis-Kennenlern-Gespr\u00e4ch mit mir. \u00a0Lassen Sie uns dar\u00fcber sprechen, wie ich Sie begleiten kann.<\/p>\n","protected":false},"excerpt":{"rendered":"<p>Jetzt ist es endlich soweit hier k\u00f6nnen Sie den Leitfaden direkt Downloaden Stellenanzeigen entschl\u00fcsseln https:\/\/judith-eggers.com\/wp-content\/uploads\/Stellenanzeigen-entschlu\u0308sseln.pdf Ich w\u00fcnsche Ihnen viel Erfolg, bei entschl\u00fcsseln von Stellenanzeigen. Herzliche Gr\u00fc\u00dfe Judith Eggers PS:\u00a0 Wenn Sie Unterst\u00fctzung bei der Jobsuche w\u00fcnschen, vereinbaren Sie einfach ein Gratis-Kennenlern-Gespr\u00e4ch mit mir. \u00a0Lassen Sie uns dar\u00fcber sprechen, wie ich Sie begleiten kann.<\/p>\n","protected":false},"author":1,"featured_media":0,"parent":0,"menu_order":42,"comment_status":"closed","ping_status":"closed","template":"","meta":{"footnotes":""},"class_list":["post-224521","page","type-page","status-publish"],"_links":{"self":[{"href":"https:\/\/staging25.judith-eggers.de\/index.php\/wp-json\/wp\/v2\/pages\/224521","targetHints":{"allow":["GET"]}}],"collection":[{"href":"https:\/\/staging25.judith-eggers.de\/index.php\/wp-json\/wp\/v2\/pages"}],"about":[{"href":"https:\/\/staging25.judith-eggers.de\/index.php\/wp-json\/wp\/v2\/types\/page"}],"author":[{"embeddable":true,"href":"https:\/\/staging25.judith-eggers.de\/index.php\/wp-json\/wp\/v2\/users\/1"}],"replies":[{"embeddable":true,"href":"https:\/\/staging25.judith-eggers.de\/index.php\/wp-json\/wp\/v2\/comments?post=224521"}],"version-history":[{"count":0,"href":"https:\/\/staging25.judith-eggers.de\/index.php\/wp-json\/wp\/v2\/pages\/224521\/revisions"}],"wp:attachment":[{"href":"https:\/\/staging25.judith-eggers.de\/index.php\/wp-json\/wp\/v2\/media?parent=224521"}],"curies":[{"name":"wp","href":"https:\/\/api.w.org\/{rel}","templated":true}]}}