{"id":222658,"date":"2021-01-21T13:19:09","date_gmt":"2021-01-21T13:19:09","guid":{"rendered":"https:\/\/judith-eggers.eu\/clone-of-freebie-gehalt-jetzt-zum-download-bereit\/"},"modified":"2021-01-21T13:19:09","modified_gmt":"2021-01-21T13:19:09","slug":"freebie-vorstellung-download","status":"publish","type":"page","link":"https:\/\/staging25.judith-eggers.de\/index.php\/freebie-vorstellung-download\/","title":{"rendered":"Freebie Vorstellungsgespr\u00e4che jetzt zum Download bereit"},"content":{"rendered":"<p><span style=\"width: 100%;\"><img loading=\"lazy\" decoding=\"async\" title=\"Fragen im Vorstellungsgespra\u0308ch\" src=\"https:\/\/judith-eggers.com\/wp-content\/uploads\/Fragen-im-Vorstellungsgespra\u0308ch.jpg\" alt=\"Bewerbungsgespr\u00e4ch\" width=\"582\" height=\"389\" data-id=\"222650\" data-width=\"582\" data-height=\"389\" data-init-width=\"1910\" data-init-height=\"1276\" \/><\/span><\/p>\n<h2 style=\"text-align: center;\">Fragen f\u00fcr Ihr n\u00e4chstes Vorstellungsgespr\u00e4ch<\/h2>\n<h2>Jetzt ist es endlich soweit<\/h2>\n<p><span style=\"font-size: 18px;\">hier k\u00f6nnen Sie die Liste direkt Downloaden<\/span><\/p>\n<h3 style=\"text-align: center;\"><a style=\"outline: none;\" href=\"https:\/\/drive.google.com\/file\/d\/1n2mBebz7UjapIphvdwb2F6FWpj-X3p37\/view?usp=sharing\" target=\"_blank\" rel=\"noopener\">Fragen f\u00fcr Vorstellungsgespr\u00e4che<\/a><\/h3>\n<p><span style=\"font-size: 18px;\">Ich w\u00fcnsche Ihnen erfolgreiche und stressfreie Vorstellungsgespr\u00e4che<\/span><\/p>\n<p><span style=\"font-size: 18px;\">Wenn Sie kurzfristig ein Gespr\u00e4ch vorbereiten wollen &#8211; k\u00f6nnen Sie bei mir ein Emergency Coaching buchen.<\/span><\/p>\n<p><span style=\"font-size: 18px;\">Damit Sie die Situation sicher und selbstbewusst meistern.<\/span><\/p>\n<p><span style=\"font-size: 18px;\">Herzliche Gr\u00fc\u00dfe<\/span><\/p>\n<p>Judith Eggers<\/p>\n<p><span style=\"width: 100%;\"><img loading=\"lazy\" decoding=\"async\" title=\"Eggers-2013\" src=\"https:\/\/judith-eggers.com\/wp-content\/uploads\/J7A2132d.jpg\" alt=\"Karriere Coaching Hannover\" width=\"341\" height=\"296\" data-id=\"920\" data-width=\"341\" data-height=\"296\" data-init-width=\"1758\" data-init-height=\"1527\" \/><\/span><\/p>\n","protected":false},"excerpt":{"rendered":"<p>Fragen f\u00fcr Ihr n\u00e4chstes Vorstellungsgespr\u00e4ch Jetzt ist es endlich soweit hier k\u00f6nnen Sie die Liste direkt Downloaden Fragen f\u00fcr Vorstellungsgespr\u00e4che Ich w\u00fcnsche Ihnen erfolgreiche und stressfreie Vorstellungsgespr\u00e4che Wenn Sie kurzfristig ein Gespr\u00e4ch vorbereiten wollen &#8211; k\u00f6nnen Sie bei mir ein Emergency Coaching buchen. Damit Sie die Situation sicher und selbstbewusst meistern. Herzliche Gr\u00fc\u00dfe Judith Eggers<\/p>\n","protected":false},"author":1,"featured_media":0,"parent":0,"menu_order":42,"comment_status":"closed","ping_status":"closed","template":"","meta":{"footnotes":""},"class_list":["post-222658","page","type-page","status-publish"],"_links":{"self":[{"href":"https:\/\/staging25.judith-eggers.de\/index.php\/wp-json\/wp\/v2\/pages\/222658","targetHints":{"allow":["GET"]}}],"collection":[{"href":"https:\/\/staging25.judith-eggers.de\/index.php\/wp-json\/wp\/v2\/pages"}],"about":[{"href":"https:\/\/staging25.judith-eggers.de\/index.php\/wp-json\/wp\/v2\/types\/page"}],"author":[{"embeddable":true,"href":"https:\/\/staging25.judith-eggers.de\/index.php\/wp-json\/wp\/v2\/users\/1"}],"replies":[{"embeddable":true,"href":"https:\/\/staging25.judith-eggers.de\/index.php\/wp-json\/wp\/v2\/comments?post=222658"}],"version-history":[{"count":0,"href":"https:\/\/staging25.judith-eggers.de\/index.php\/wp-json\/wp\/v2\/pages\/222658\/revisions"}],"wp:attachment":[{"href":"https:\/\/staging25.judith-eggers.de\/index.php\/wp-json\/wp\/v2\/media?parent=222658"}],"curies":[{"name":"wp","href":"https:\/\/api.w.org\/{rel}","templated":true}]}}