{"id":222385,"date":"2020-12-03T15:02:55","date_gmt":"2020-12-03T15:02:55","guid":{"rendered":"https:\/\/judith-eggers.eu\/clone-of-newsletter-registrierungsbestaetigung-double-optin\/"},"modified":"2020-12-03T15:02:55","modified_gmt":"2020-12-03T15:02:55","slug":"freebie-download-gehalt","status":"publish","type":"page","link":"https:\/\/staging25.judith-eggers.de\/index.php\/freebie-download-gehalt\/","title":{"rendered":"Freebie Gehalt jetzt zum Download bereit"},"content":{"rendered":"<p><span style=\"width: 100%;\"><img loading=\"lazy\" decoding=\"async\" title=\"Boss, ich will mehr GEld\" src=\"https:\/\/judith-eggers.com\/wp-content\/uploads\/Boss-ich-will-mehr-GEld.png\" alt=\"erfolgreiche Gehaltsverhandlungen\" width=\"468\" height=\"662\" data-id=\"222363\" data-width=\"468\" data-height=\"662\" data-init-width=\"1414\" data-init-height=\"2000\" \/><\/span><\/p>\n<h2>Jetzt ist es endlich soweit<\/h2>\n<p><span style=\"font-size: 18px;\">hier k\u00f6nnen Sie den Leitfaden direkt Downloaden<\/span><\/p>\n<p>&nbsp;<\/p>\n<h3 style=\"text-align: center;\"><a style=\"outline: none;\" href=\"https:\/\/drive.google.com\/file\/d\/1xv9qNB2I17R4mBan3lvqFM4aiEzY4_Zr\/view?usp=sharing\" target=\"_blank\" rel=\"noopener\">BOSS, ICH WILL MEHR GELD<\/a><\/h3>\n<p><span style=\"font-size: 18px;\">Ich w\u00fcnsche Ihnen erfolgreiche und stressfreie Verhandlungen<\/span><\/p>\n<p><span style=\"font-size: 18px;\">Wenn Sie kurzfristig ein Gespr\u00e4ch vorbereiten wollen &#8211; k\u00f6nnen Sie bei mir ein Emergency Coaching buchen.<\/span><\/p>\n<p><span style=\"font-size: 18px;\">\u00a0Damit Sie die Situation sicher und selbstbewusst meistern.<\/span><\/p>\n<p><span style=\"font-size: 18px;\">Herzliche Gr\u00fc\u00dfe<\/span><\/p>\n<p>Judith Eggers<\/p>\n<p><span style=\"width: 100%;\"><img loading=\"lazy\" decoding=\"async\" title=\"Download Freebie\" src=\"https:\/\/judith-eggers.com\/wp-content\/uploads\/CAI-scaled.jpeg\" alt=\"Judith Eggers\" width=\"285\" height=\"267\" data-id=\"224096\" data-width=\"285\" data-height=\"267\" data-init-width=\"2560\" data-init-height=\"2405\" \/><\/span><\/p>\n","protected":false},"excerpt":{"rendered":"<p>Jetzt ist es endlich soweit hier k\u00f6nnen Sie den Leitfaden direkt Downloaden &nbsp; BOSS, ICH WILL MEHR GELD Ich w\u00fcnsche Ihnen erfolgreiche und stressfreie Verhandlungen Wenn Sie kurzfristig ein Gespr\u00e4ch vorbereiten wollen &#8211; k\u00f6nnen Sie bei mir ein Emergency Coaching buchen. \u00a0Damit Sie die Situation sicher und selbstbewusst meistern. Herzliche Gr\u00fc\u00dfe Judith Eggers<\/p>\n","protected":false},"author":1,"featured_media":0,"parent":0,"menu_order":42,"comment_status":"closed","ping_status":"closed","template":"","meta":{"footnotes":""},"class_list":["post-222385","page","type-page","status-publish"],"_links":{"self":[{"href":"https:\/\/staging25.judith-eggers.de\/index.php\/wp-json\/wp\/v2\/pages\/222385","targetHints":{"allow":["GET"]}}],"collection":[{"href":"https:\/\/staging25.judith-eggers.de\/index.php\/wp-json\/wp\/v2\/pages"}],"about":[{"href":"https:\/\/staging25.judith-eggers.de\/index.php\/wp-json\/wp\/v2\/types\/page"}],"author":[{"embeddable":true,"href":"https:\/\/staging25.judith-eggers.de\/index.php\/wp-json\/wp\/v2\/users\/1"}],"replies":[{"embeddable":true,"href":"https:\/\/staging25.judith-eggers.de\/index.php\/wp-json\/wp\/v2\/comments?post=222385"}],"version-history":[{"count":0,"href":"https:\/\/staging25.judith-eggers.de\/index.php\/wp-json\/wp\/v2\/pages\/222385\/revisions"}],"wp:attachment":[{"href":"https:\/\/staging25.judith-eggers.de\/index.php\/wp-json\/wp\/v2\/media?parent=222385"}],"curies":[{"name":"wp","href":"https:\/\/api.w.org\/{rel}","templated":true}]}}