{"id":222366,"date":"2020-12-02T14:40:03","date_gmt":"2020-12-02T14:40:03","guid":{"rendered":"https:\/\/judith-eggers.eu\/clone-of-zeit-zu-leben\/"},"modified":"2020-12-02T14:40:03","modified_gmt":"2020-12-02T14:40:03","slug":"erfolgreiche-gehaltsverhandlung","status":"publish","type":"page","link":"https:\/\/staging25.judith-eggers.de\/index.php\/erfolgreiche-gehaltsverhandlung\/","title":{"rendered":"FB Boss, ich will mehr Geld  &#8211;"},"content":{"rendered":"<h1 style=\"text-align: center;\">Boss, ich will mehr Geld<\/h1>\n<p><img loading=\"lazy\" decoding=\"async\" title=\"Boss, ich will mehr GEld\" src=\"https:\/\/judith-eggers.com\/wp-content\/uploads\/Boss-ich-will-mehr-GEld.png\" alt=\"erfolgreiche Gehaltsverhandlungen\" width=\"443\" height=\"626\" data-id=\"222363\" data-init-width=\"1414\" data-init-height=\"2000\" data-width=\"443\" data-height=\"626\" \/><\/p>\n<p dir=\"ltr\"><span style=\"font-family: Poppins; font-weight: 300;\">W<span style=\"color: #0c1115;\">ollen Sie endlich Ihre Karriere selber in die Hand nehmen- nicht mehr darauf warten, dass Sie &#8222;entdeckt&#8220; werden?<\/span><\/span><\/p>\n<p dir=\"ltr\"><span style=\"color: #0c1115;\"><span style=\"font-weight: 300;\"><span style=\"font-family: Poppins;\">Mir ging es genauso.<\/span><\/span><\/span><\/p>\n<p dir=\"ltr\"><span style=\"color: #0c1115;\"><span style=\"font-weight: 300;\"><span style=\"font-family: Poppins;\">Beruflich als Frau unter M\u00e4nnern, habe ich mehr als einmal gehofft: &#8222;mein Chef muss doch merken, dass ich einen guten Job mache.&#8220; Ich wartete darauf, ein entsprechendes Job-Angebot zu bekommen<\/span><\/span><\/span><\/p>\n<p><span style=\"color: #0c1115;\"><span style=\"font-weight: 300;\"><span style=\"font-family: Poppins;\">Mit dem Gesch\u00e4ftsf\u00fchrer diskutierte ich \u00fcber die Neu-Besetzung der Stelle. Ich dachte die ganze Zeit: &#8222;jetzt muss er mich doch endlich fragen, ob ich den Job machen m\u00f6chte. Nichts passierte &#8211; da habe ich meinen ganzen Mut zusammen-genommen und gesagt: &#8222;Ich m\u00f6chte den Job machen!&#8220;<\/span><\/span><\/span><\/p>\n<p dir=\"ltr\"><span style=\"color: #0c1115;\"><span style=\"font-weight: 300;\"><span style=\"font-family: Poppins;\">Mit meinem Leitfaden will ich Ihnen helfen, mit mehr Selbstbewusstsein Erfolg im Beruf zu haben und dass ohne zus\u00e4tzlichen Stress.<\/span><\/span><\/span><\/p>\n<p dir=\"ltr\"><span style=\"font-family: Poppins; font-weight: 300; color: #0c1115;\">Holen Sie sich meinen Leitfaden<\/span><\/p>\n<p>Ganz egal, ob Sie den n\u00e4chsten Karriereschritt machen m\u00f6chten, ein Mitarbeitergespr\u00e4ch stattfinden soll oder Sie \u00fcber Ihr Gehalt sprechen m\u00f6chten &#8211; hier Tipps f\u00fcr eine erfolgreiche Gespr\u00e4chsf\u00fchrung.<\/p>\n<ul>\n<li>Wie Sie ein Gespr\u00e4ch am besten vorbereiten<\/li>\n<li>Wie Sie sich selbstbewusst pr\u00e4sentieren<\/li>\n<li>Tipps f\u00fcr eine selbstbewusste und klare Kommunikation<\/li>\n<li>Wie geht es nach dem Gespr\u00e4ch weiter<\/li>\n<\/ul>\n<p>All das erfahren Sie in meinen Leitfaden<\/p>\n<p><img loading=\"lazy\" decoding=\"async\" title=\"mehr Gehalt\" src=\"https:\/\/judith-eggers.com\/wp-content\/uploads\/noun_Conversation_1616196-1.png\" alt=\"schwierige Gespr\u00e4che\" width=\"286\" height=\"286\" data-id=\"222378\" data-init-width=\"1200\" data-init-height=\"1200\" data-width=\"286\" data-height=\"286\" \/><img loading=\"lazy\" decoding=\"async\" title=\"Boss, ich will mehr GEld\" src=\"https:\/\/judith-eggers.com\/wp-content\/uploads\/Boss-ich-will-mehr-GEld.png\" alt=\"erfolgreiche Gehaltsverhandlungen\" width=\"293\" height=\"414\" data-id=\"222363\" data-init-width=\"1414\" data-init-height=\"2000\" data-width=\"293\" data-height=\"414\" \/><\/p>\n<p style=\"text-align: left; color: #0c1115 !important; --tcb-applied-color: #0c1115 !important;\"><span style=\"--tcb-applied-color: #0c1115 !important;\">F\u00fchren Sie Ihr n\u00e4chstes Gespr\u00e4ch selbstbewusst!<\/span><\/p>\n<p><img loading=\"lazy\" decoding=\"async\" title=\"U\u0308ber mich Start\" src=\"https:\/\/judith-eggers.com\/wp-content\/uploads\/U\u0308ber-mich-Start-scaled.jpeg\" alt=\"Was Sie wissen sollten\" width=\"319\" height=\"288\" data-id=\"224064\" data-init-width=\"2560\" data-init-height=\"2306\" data-width=\"319\" data-height=\"288\" \/><img loading=\"lazy\" decoding=\"async\" title=\"Mein Hund und ich\" src=\"https:\/\/judith-eggers.com\/wp-content\/uploads\/september2021-scaled.jpg\" alt=\"professionelle Fotos\" width=\"280\" height=\"187\" data-id=\"224146\" data-init-width=\"2560\" data-init-height=\"1707\" data-width=\"280\" data-height=\"187\" \/><\/p>\n<p>Hallo ich bin Judith Eggers,<\/p>\n<p><span style=\"color: #0c1115; font-weight: 400;\">Seit 18 Jahren arbeite ich als Karriere- und Businesscoach. Davor war ich viele Jahre als F\u00fchrungskraft in verschiedenen Branchen t\u00e4tig \u2013 meistens allein unter M\u00e4nnern. Als ich 2001 unerwartet einen neuen Chef bekam, habe ich spontan gek\u00fcndigt. Ich wusste nicht, wie es weitergehen sollte. Nach Gr\u00fcbeln und vielen \u201ewenns&#8220; und \u201eabers\u201c habe ich mir schlie\u00dflich einen Coach gesucht. Mit dieser Unterst\u00fctzung war schnell klar \u2013 ich werde mich selbst\u00e4ndig machen.<\/span><\/p>\n<p><span style=\"font-weight: 400;\"><span style=\"color: #0c1115;\">Vielen meiner Kundinnen f\u00e4llt es schwer, nach einer Gehaltserh\u00f6hung zu fragen. Sie warten oft darauf, dass sie &#8222;entdeckt&#8220; werden. Die F\u00fchrungskraft von selbst auf die Idee kommt, einen Gehaltserh\u00f6hung vorzuschlagen. Genau das passiert meistens nicht.<\/span><\/span><\/p>\n<p><span style=\"font-weight: 400;\"><span style=\"color: #0c1115;\">Vor diesem Hintergrund ist der Leitfaden entstanden. Ich m\u00f6chte Sie unterst\u00fctzen, um selbstbewusst zu sagen: &#8222;Boss, ich will mehr Geld&#8220;.<\/span><\/span><\/p>\n<p><span style=\"font-weight: 400;\"><span style=\"color: #0c1115;\">PS: Meine beiden Hunde sind fast \u00fcberall dabei.<\/span><\/span><\/p>\n","protected":false},"excerpt":{"rendered":"<p>Boss, ich will mehr Geld Wollen Sie endlich Ihre Karriere selber in die Hand nehmen- nicht mehr darauf warten, dass Sie &#8222;entdeckt&#8220; werden? Mir ging es genauso. Beruflich als Frau unter M\u00e4nnern, habe ich mehr als einmal gehofft: &#8222;mein Chef muss doch merken, dass ich einen guten Job mache.&#8220; Ich wartete darauf, ein entsprechendes Job-Angebot &#8230; <a title=\"FB Boss, ich will mehr Geld  &#8211;\" class=\"read-more\" href=\"https:\/\/staging25.judith-eggers.de\/index.php\/erfolgreiche-gehaltsverhandlung\/\" aria-label=\"Mehr Informationen \u00fcber FB Boss, ich will mehr Geld  &#8211;\">Weiterlesen<\/a><\/p>\n","protected":false},"author":1,"featured_media":0,"parent":0,"menu_order":0,"comment_status":"closed","ping_status":"closed","template":"","meta":{"footnotes":""},"class_list":["post-222366","page","type-page","status-publish"],"_links":{"self":[{"href":"https:\/\/staging25.judith-eggers.de\/index.php\/wp-json\/wp\/v2\/pages\/222366","targetHints":{"allow":["GET"]}}],"collection":[{"href":"https:\/\/staging25.judith-eggers.de\/index.php\/wp-json\/wp\/v2\/pages"}],"about":[{"href":"https:\/\/staging25.judith-eggers.de\/index.php\/wp-json\/wp\/v2\/types\/page"}],"author":[{"embeddable":true,"href":"https:\/\/staging25.judith-eggers.de\/index.php\/wp-json\/wp\/v2\/users\/1"}],"replies":[{"embeddable":true,"href":"https:\/\/staging25.judith-eggers.de\/index.php\/wp-json\/wp\/v2\/comments?post=222366"}],"version-history":[{"count":0,"href":"https:\/\/staging25.judith-eggers.de\/index.php\/wp-json\/wp\/v2\/pages\/222366\/revisions"}],"wp:attachment":[{"href":"https:\/\/staging25.judith-eggers.de\/index.php\/wp-json\/wp\/v2\/media?parent=222366"}],"curies":[{"name":"wp","href":"https:\/\/api.w.org\/{rel}","templated":true}]}}