{"id":219782,"date":"2019-08-28T15:46:09","date_gmt":"2019-08-28T15:46:09","guid":{"rendered":"https:\/\/judith-eggers.eu\/?page_id=219782"},"modified":"2019-08-28T15:46:09","modified_gmt":"2019-08-28T15:46:09","slug":"newsletter","status":"publish","type":"page","link":"https:\/\/staging25.judith-eggers.de\/index.php\/newsletter\/","title":{"rendered":"Newsletter"},"content":{"rendered":"<p>In meinem Newsletter<\/p>\n<p style=\"text-align: center;\"><strong>Karrriere-Kompass<\/strong><\/p>\n<p>erhalten Sie klare, praxisnahe Impulse zu F\u00fchrung, Karriereentwicklung und beruflicher Neuorientierung.<\/p>\n<p>Verst\u00e4ndlich, direkt umsetzbar und ohne Fachchinesisch.<\/p>\n<p><span><img decoding=\"async\" alt=\"Sparring\" data-id=\"227233\" width=\"227\" data-init-width=\"2400\" height=\"227\" data-init-height=\"2400\" title=\"\u00dcber mich\" loading=\"lazy\" src=\"https:\/\/staging25.judith-eggers.de\/wp-content\/uploads\/Judith-b-w-Fenster.jpg\" data-width=\"227\" data-height=\"227\" style=\"aspect-ratio: auto 2400 \/ 2400;\"><\/span><\/p>\n<p style=\"text-align: center;\">\n<p style=\"text-align: center;\"><strong><span style=\"font-size: 24px !important;\">Sie m\u00f6chten in Zukunft den Newsletter &#8222;Karriere-Kompass&#8220; lesen?<\/span><\/strong><\/p>\n<p style=\"text-align: center;\"><strong><span style=\"font-size: 24px !important;\">Hier k\u00f6nnen Sie sich direkt anmelden.<\/span><\/strong><strong><span style=\"font-size: 24px !important;\"><\/span><\/strong><\/p>\n<p style=\"\"><strong>Einfach Namen und E-Mail-Adresse eintragen.<\/strong><\/p>\n<p style=\"\"><strong>Ihre Daten sind bei mir sicher und Sie erhalten keinen Spam \u2013&nbsp;<strong><span><a href=\"https:\/\/judith-eggers.com\/datenschutz\/\" target=\"_blank\" title=\"Datenschutzerkl\u00e4rung\">hier geht\u2019s zum Datenschutz<\/a><\/span><\/strong><\/strong><\/p>\n<p style=\"\">Sie k\u00f6nnen sich jederzeit abmelden \u2013 in jedem <strong>Karriere-Kompass<\/strong> gibt es einen Abmelde-Link.<\/p>\n<p style=\"text-align: center;\"><strong><span style=\"\">Als Dankesch\u00f6n erhalten Sie mein Workbook <\/span><\/strong><strong><span style=\"\">&#8222;Werte Leben&#8220;<\/span><\/strong><\/p>\n<p><span style=\"\"><img decoding=\"async\" alt=\"\" data-id=\"228600\" width=\"339\" data-init-width=\"1414\" height=\"479\" data-init-height=\"2000\" title=\"Werte-Arbeit - Freebie\" loading=\"lazy\" src=\"https:\/\/staging25.judith-eggers.de\/wp-content\/uploads\/Werte-Arbeit-Freebie.jpg\" data-width=\"339\" data-height=\"479\" style=\"aspect-ratio: auto 1414 \/ 2000;\" ml-d=\"-3.5839999999999463\" mt-d=\"0\"><\/span><span style=\"\"><img decoding=\"async\" alt=\"\" data-id=\"227235\" width=\"534\" data-init-width=\"2400\" height=\"534\" data-init-height=\"2400\" title=\"Judith Tisch 2\" loading=\"lazy\" src=\"https:\/\/judith-eggers.com\/wp-content\/uploads\/Judith-Tisch-2.jpg\" data-width=\"534\" data-height=\"534\" style=\"aspect-ratio: auto 2400 \/ 2400;\" ml-d=\"-58.51599999999996\" mt-d=\"0\"><\/span><\/p>\n<h2><strong>Mein Warum:<\/strong><\/h2>\n<p><span>Ich m\u00f6chte Teil einer Welt sein,<\/span><strong>&nbsp;<\/strong><span>in der Menschen Spa\u00df an Ihrer Arbeit haben. In der gute F\u00fchrungskr\u00e4ft ihre Mitarbeiter wertsch\u00e4tzen und motivieren.<\/span><\/p>\n<p><span>Eine Welt, in der Arbeit nicht Energie raubt, sondern Sinn gibt. In der&nbsp;<\/span><span>Menschen montags nicht auf den Freitag warten.<\/span><\/p>\n<p><span><\/span><\/p>\n<h2 data-end=\"1300\" data-start=\"1009\"><strong>Meine Erfahrung:<\/strong><\/h2>\n<p data-end=\"1300\" data-start=\"1009\"><span>Ich verbinde langj\u00e4hrige Coaching-Erfahrung mit fundiertem Wissen aus 20 Jahren HR-Praxis im Bereich Recruiting und Personalentscheidungen.<\/span><\/p>\n<p data-end=\"1300\" data-start=\"1009\"><span>Ich wei\u00df, wie Unternehmen ticken \u2013 und worauf es ankommt, wenn Sie beruflich neu durchstarten oder Ihre F\u00fchrungskompetenz gezielt entwickeln m\u00f6chten.<\/span><\/p>\n<p data-end=\"1300\" data-start=\"1009\">\n<h3 data-end=\"1469\" data-start=\"1302\"><strong data-end=\"1357\" data-start=\"1302\">Ob &nbsp;<\/strong><strong data-end=\"1357\" data-start=\"1302\">F\u00fchrungsfragen,&nbsp;<\/strong><strong data-end=\"1357\" data-start=\"1302\">Jobwechsel, Karriereplanung&nbsp;<\/strong><\/h3>\n<p data-end=\"1469\" data-start=\"1302\"><span>Ich biete Ihnen Klarheit, Struktur und ehrliches Feedback \u2013 f\u00fcr Entscheidungen, die wirklich zu Ihnen passen<\/span>.<\/p>\n<p style=\"text-align: center;\">Wenn Sie jetzt sofort Klarheit wollen &#8211; hier k\u00f6nnen Sie sich direkt einen Termin mit mir buchen<\/p><\/p>\n","protected":false},"excerpt":{"rendered":"<p>In meinem Newsletter Karrriere-Kompass erhalten Sie klare, praxisnahe Impulse zu F\u00fchrung, Karriereentwicklung und beruflicher Neuorientierung. Verst\u00e4ndlich, direkt umsetzbar und ohne Fachchinesisch. Sie m\u00f6chten in Zukunft den Newsletter &#8222;Karriere-Kompass&#8220; lesen? Hier k\u00f6nnen Sie sich direkt anmelden. Einfach Namen und E-Mail-Adresse eintragen. Ihre Daten sind bei mir sicher und Sie erhalten keinen Spam \u2013&nbsp;hier geht\u2019s zum Datenschutz &#8230; <a title=\"Newsletter\" class=\"read-more\" href=\"https:\/\/staging25.judith-eggers.de\/index.php\/newsletter\/\" aria-label=\"Mehr Informationen \u00fcber Newsletter\">Weiterlesen<\/a><\/p>\n","protected":false},"author":1,"featured_media":0,"parent":0,"menu_order":17,"comment_status":"closed","ping_status":"closed","template":"","meta":{"footnotes":""},"class_list":["post-219782","page","type-page","status-publish"],"_links":{"self":[{"href":"https:\/\/staging25.judith-eggers.de\/index.php\/wp-json\/wp\/v2\/pages\/219782","targetHints":{"allow":["GET"]}}],"collection":[{"href":"https:\/\/staging25.judith-eggers.de\/index.php\/wp-json\/wp\/v2\/pages"}],"about":[{"href":"https:\/\/staging25.judith-eggers.de\/index.php\/wp-json\/wp\/v2\/types\/page"}],"author":[{"embeddable":true,"href":"https:\/\/staging25.judith-eggers.de\/index.php\/wp-json\/wp\/v2\/users\/1"}],"replies":[{"embeddable":true,"href":"https:\/\/staging25.judith-eggers.de\/index.php\/wp-json\/wp\/v2\/comments?post=219782"}],"version-history":[{"count":0,"href":"https:\/\/staging25.judith-eggers.de\/index.php\/wp-json\/wp\/v2\/pages\/219782\/revisions"}],"wp:attachment":[{"href":"https:\/\/staging25.judith-eggers.de\/index.php\/wp-json\/wp\/v2\/media?parent=219782"}],"curies":[{"name":"wp","href":"https:\/\/api.w.org\/{rel}","templated":true}]}}