{"id":219605,"date":"2019-08-27T13:34:15","date_gmt":"2019-08-27T13:34:15","guid":{"rendered":"https:\/\/judith-eggers.eu\/?page_id=219605"},"modified":"2019-08-27T13:34:15","modified_gmt":"2019-08-27T13:34:15","slug":"ueber-mich","status":"publish","type":"page","link":"https:\/\/staging25.judith-eggers.de\/index.php\/ueber-mich\/","title":{"rendered":"\u00dcber mich"},"content":{"rendered":"<h1 style=\"text-align: left;\">\u00dcber mich<\/h1>\n<h2 data-end=\"823\" data-start=\"805\">Daf\u00fcr stehe ich<\/h2>\n<p data-end=\"1077\" data-start=\"824\">Ich bin \u00fcberzeugt: Gute Arbeit entsteht dort, wo St\u00e4rken, Werte und Verantwortung zusammenkommen.Wenn das nicht mehr passt, wird selbst ein \u201eguter Job\u201c irgendwann z\u00e4h. Dann wird viel gedacht, viel geschoben, viel geschluckt \u2013 und wenig ver\u00e4ndert.<\/p>\n<p data-end=\"1244\" data-start=\"1079\">Karriere-Entwicklung hei\u00dft f\u00fcr mich deshalb nicht \u201eh\u00f6her, schneller, weiter\u201c, sondern:<strong data-end=\"1200\" data-start=\"1168\">passender, klarer, wirksamer<\/strong> \u2013 und so, dass Sie sich darin wiederfinden.<\/p>\n<h2 data-end=\"1273\" data-start=\"1251\">20Hier sind Sie richtig, wennn<\/h2>\n<p>\u2026 Sie Ihre Karriere bewusst weiterentwickeln wollen. Mit Klarheit, Richtung und einem Plan, der im Alltag funktioniert.<\/p>\n<p><strong data-end=\"388\" data-start=\"367\">Als F\u00fchrungskraft<\/strong>, wenn Sie Ihre Rolle sch\u00e4rfen m\u00f6chten, ohne sich zu verbiege.<\/p>\n<p>Bei Themen wie: Priorit\u00e4ten setzen, schwierige Gespr\u00e4che sicher f\u00fchren, Verantwortung besser verteilen, Ihr Team wieder stabil auf Kurs bringen.<\/p>\n<p data-end=\"1744\" data-start=\"1509\">Sie als<strong data-end=\"1540\" data-start=\"1509\">&nbsp;erfahrener Professional&nbsp;<\/strong>im Job feststecken oder sp\u00fcren, dass es so nicht weitergeht.<\/p>\n<p data-end=\"1744\" data-start=\"1509\">Zum Beispiel bei \u201eBleiben oder gehen\u201c, Neuorientierung, Positionierung, Bewerbungsstrategie und souver\u00e4nem Auftreten im Auswahlprozess.<\/p>\n<h2 data-end=\"2430\" data-start=\"2413\"><strong>So arbeite ich<\/strong><\/h2>\n<p data-end=\"2584\" data-start=\"2431\">Ich arbeite strukturiert und pragmatisch. Wir unterscheiden Symptome von Ursachen. W\u00e4gen verschiedene Optionen ab. Danach treffen Sie Entscheidungen. Daraus entwickeln wir die Strategie und Sie setzen um, Schritt f\u00fcr Schritt.<\/p>\n<p data-end=\"2619\" data-start=\"2586\">Typisch f\u00fcr meine Zusammenarbeit:<\/p>\n<p data-end=\"2710\" data-start=\"2622\"><strong><em>Standort bestimmen:<\/em><\/strong> Wo stehen Sie wirklich \u2013 fachlich, emotional, organisatorisch<\/p>\n<p data-end=\"2771\" data-start=\"2713\"><em><strong>Ziel sch\u00e4rfen:<\/strong><\/em> Was soll am Ende konkret anders sein?<\/p>\n<p data-end=\"2846\" data-start=\"2774\"><em><strong data-end=\"2794\" data-start=\"2774\">Optionen pr\u00fcfen:<\/strong><\/em> realistisch, passend, mit Blick auf Konsequenzen.<\/p>\n<p data-end=\"2924\" data-start=\"2849\"><em><strong data-end=\"2870\" data-start=\"2849\">Umsetzung planen:<\/strong> <\/em>klare n\u00e4chste Schritte, die in Ihren Alltag passen.<\/p>\n<p data-end=\"2973\" data-start=\"2927\"><em><strong data-end=\"2943\" data-start=\"2927\">Dranbleiben:<\/strong><\/em> bis Ver\u00e4nderung sp\u00fcrbar wird.<\/p>\n<p data-end=\"3197\" data-start=\"2975\">Wenn es sinnvoll ist, nutze ich zus\u00e4tzlich Potenzialanalysen, insbesondere das Online-Assessment ProfileXT (seit 2007 im Einsatz). Das bringt Objektivit\u00e4t hinein, reduziert blinde Flecken und verk\u00fcrzt Diskussionen.<\/p>\n<h2 data-end=\"3243\" data-start=\"3204\"><strong>Erfahrung aus HR und F\u00fchrung<\/strong><\/h2>\n<p data-end=\"3533\" data-start=\"3244\">Seit <strong>2002<\/strong> arbeite ich als Coach und Sparringpartnerin. Ich komme aus dem Personalbereich und bringe 20 Jahre F\u00fchrungserfahrung mit. Meine HR-Expertise: Personalbeschaffung, Personalauswahl, Personalentwicklung, F\u00fchrungskr\u00e4fteentwicklung, F\u00fchrungskr\u00e4ftecoaching und Projektmanagement.<\/p>\n<p data-end=\"3958\" data-start=\"3535\">Von <strong data-end=\"3556\" data-start=\"3539\">2004 bis 2014<\/strong> war ich Beraterin in gro\u00dfen Personalabbau-Projekten eines Elektronikkonzerns. &nbsp;In dieser Zeit habe ich rund 600 Kunden aus unterschiedlichen Berufsfeldern begleitet &#8211; mit \u00fcberdurchschnittlicher Vermittlungsquote.<\/p>\n<p data-end=\"3958\" data-start=\"3535\">Parallel war ich von <strong data-end=\"3814\" data-start=\"3797\">2010 bis 2014<\/strong> Niederlassungsleiterin in der Outplacement-Beratung und habe insbesondere F\u00fchrungskr\u00e4fte in Phasen der beruflichen Neuorientierung unterst\u00fctzt.<\/p>\n<p data-end=\"4277\" data-start=\"3960\">Berufliche Neuorientierung kenne ich au\u00dferdem aus eigener Erfahrung: Nach dem Verlust meiner F\u00fchrungsposition im Personalbereich habe ich mich bewusst entschieden, meinen Weg als Coach konsequent aufzubauen. Diese Erfahrung pr\u00e4gt meine Arbeit bis heute: Ver\u00e4nderung gelingt, wenn <strong>Klarheit und Umsetzung<\/strong> zusammenkommen.<\/p>\n<h2 data-end=\"5120\" data-start=\"5089\"><strong>Qualifikationen &amp; Abschl\u00fcsse<\/strong><\/h2>\n<ul>\n<li><!--! Font Awesome Free 6.7.1 by @fontawesome - https:\/\/fontawesome.com License - https:\/\/fontawesome.com\/license\/free (Icons: CC BY 4.0, Fonts: SIL OFL 1.1, Code: MIT License) Copyright 2024 Fonticons, Inc. --><span style=\"\"><strong data-end=\"5166\" data-start=\"5123\">Systemischer Coach der Wirtschaft (IHK)<\/strong>, Abschluss&nbsp;<strong data-end=\"5186\" data-start=\"5178\">2001<\/strong>&nbsp;(vom&nbsp;<strong data-end=\"5200\" data-start=\"5192\">DBVC<\/strong> anerkannt)<\/span><\/li>\n<li><!--! Font Awesome Free 6.7.1 by @fontawesome - https:\/\/fontawesome.com License - https:\/\/fontawesome.com\/license\/free (Icons: CC BY 4.0, Fonts: SIL OFL 1.1, Code: MIT License) Copyright 2024 Fonticons, Inc. --><span style=\"line-height: 1.6em !important;\"><strong data-end=\"5234\" data-start=\"5216\">Gr\u00fcndungscoach<\/strong>, Abschluss&nbsp;<strong data-end=\"5254\" data-start=\"5246\">2010<\/strong>&nbsp;(Pr\u00fcfung&nbsp;<strong data-end=\"5297\" data-start=\"5264\">Leuphana Universit\u00e4t L\u00fcneburg<\/strong>,&nbsp;<strong data-end=\"5317\" data-start=\"5299\">BQZ-Zertifikat<\/strong>)<\/span><\/li>\n<li><!--! Font Awesome Free 6.7.1 by @fontawesome - https:\/\/fontawesome.com License - https:\/\/fontawesome.com\/license\/free (Icons: CC BY 4.0, Fonts: SIL OFL 1.1, Code: MIT License) Copyright 2024 Fonticons, Inc. --><span style=\"line-height: 1.6em !important;\"><strong data-end=\"5339\" data-start=\"5323\">Online-Coach<\/strong>, Abschluss&nbsp;<strong data-end=\"5359\" data-start=\"5351\">2020<\/strong>&nbsp;(Zertifikat&nbsp;<strong data-end=\"5388\" data-start=\"5372\">My24COACH.ch<\/strong>)<\/span><\/li>\n<li><!--! Font Awesome Free 6.7.1 by @fontawesome - https:\/\/fontawesome.com License - https:\/\/fontawesome.com\/license\/free (Icons: CC BY 4.0, Fonts: SIL OFL 1.1, Code: MIT License) Copyright 2024 Fonticons, Inc. --><span style=\"line-height: 1.6em !important;\"><strong data-end=\"5449\" data-start=\"5394\">Weiterbildung in systemischen Methoden und Ans\u00e4tzen<\/strong>,&nbsp;<strong data-end=\"5464\" data-start=\"5451\">2003\u20132012<\/strong>, Institut f\u00fcr Interdisziplin\u00e4re Arbeitswissenschaft,&nbsp;<strong data-end=\"5542\" data-start=\"5518\">Universit\u00e4t Hannover<\/strong>&nbsp;<em data-end=\"5579\" data-start=\"5543\">(maximale Dauer der Einschreibung)<\/em><\/span><\/li>\n<li><!--! Font Awesome Free 6.7.1 by @fontawesome - https:\/\/fontawesome.com License - https:\/\/fontawesome.com\/license\/free (Icons: CC BY 4.0, Fonts: SIL OFL 1.1, Code: MIT License) Copyright 2024 Fonticons, Inc. --><span style=\"line-height: 1.6em !important;\"><strong data-end=\"5643\" data-start=\"5584\">Potenzialanalyse mit ProfileXT (Profiles International)<\/strong>&nbsp;seit&nbsp;<strong data-end=\"5657\" data-start=\"5649\">2007<\/strong> \u2013 Einsatz in Bewerberauswahl und beruflicher NeuorientierungList ElementList Element<\/span><\/li>\n<\/ul>\n<h2>Pers\u00f6nliches:<\/h2>\n<p>Ich lebe mit zwei Hunden in einem kleinen Ort in der s\u00fcdlichen L\u00fcneburger Heide.<\/p>\n<p>In meiner Freizeit genie\u00dfe ich lange Spazierg\u00e4nge mit meinen Hunden. Die Lebensfreude meiner Hunde ist immer wieder ansteckend und frische Luft bringt frische Gedanken. Das Gleiche gilt f\u00fcr meinen Garten.<\/p>\n<p>Deshalb liebe ich es auch einen kleinen, wei\u00dfen Ball zum Fliegen zu bringen. Die Natur und das st\u00e4ndige auf-und-ab von Erfolgen und Niederlagen. &nbsp;<\/p>\n<p><strong><\/strong><\/p>\n<h3 style=\"\"><strong><span style=\"text-decoration: underline;\">Fun-Fact:<\/span><\/strong><\/h3>\n<p><em>Ich bin ein echter Zahlenfreak und liebe Primzahlen.<\/em><\/p>\n<p><em>Mein Brot backe ich am liebsten selber.<\/em><\/p>\n<p><span style=\"\"><img decoding=\"async\" alt=\"\" data-id=\"228580\" width=\"718\" data-init-width=\"640\" height=\"640\" data-init-height=\"571\" title=\"hunde und ich\" loading=\"lazy\" src=\"https:\/\/staging25.judith-eggers.de\/wp-content\/uploads\/hunde-und-ich.jpeg\" data-width=\"718\" data-height=\"640\" style=\"aspect-ratio: auto 640 \/ 571;\" ml-d=\"-124\" mt-d=\"0\" center-h-d=\"false\"><\/span><\/p>\n<h3 style=\"text-align: center;\">Wenn Sie herausfinden m\u00f6chten, ob das f\u00fcr Sie passt, lassen Sie uns kurz sprechen.<\/h3>\n<p style=\"text-align: center;\">30 Minuten, unverbindlich. Sie bekommen Klarheit \u00fcber die n\u00e4chsten Schritte \u2013 und eine ehrliche Einsch\u00e4tzung, ob ich die Richtige f\u00fcr Sie bin.<\/p>\n","protected":false},"excerpt":{"rendered":"<p>\u00dcber mich Daf\u00fcr stehe ich Ich bin \u00fcberzeugt: Gute Arbeit entsteht dort, wo St\u00e4rken, Werte und Verantwortung zusammenkommen.Wenn das nicht mehr passt, wird selbst ein \u201eguter Job\u201c irgendwann z\u00e4h. Dann wird viel gedacht, viel geschoben, viel geschluckt \u2013 und wenig ver\u00e4ndert. Karriere-Entwicklung hei\u00dft f\u00fcr mich deshalb nicht \u201eh\u00f6her, schneller, weiter\u201c, sondern:passender, klarer, wirksamer \u2013 und &#8230; <a title=\"\u00dcber mich\" class=\"read-more\" href=\"https:\/\/staging25.judith-eggers.de\/index.php\/ueber-mich\/\" aria-label=\"Mehr Informationen \u00fcber \u00dcber mich\">Weiterlesen<\/a><\/p>\n","protected":false},"author":1,"featured_media":0,"parent":0,"menu_order":19,"comment_status":"closed","ping_status":"closed","template":"","meta":{"footnotes":""},"class_list":["post-219605","page","type-page","status-publish"],"_links":{"self":[{"href":"https:\/\/staging25.judith-eggers.de\/index.php\/wp-json\/wp\/v2\/pages\/219605","targetHints":{"allow":["GET"]}}],"collection":[{"href":"https:\/\/staging25.judith-eggers.de\/index.php\/wp-json\/wp\/v2\/pages"}],"about":[{"href":"https:\/\/staging25.judith-eggers.de\/index.php\/wp-json\/wp\/v2\/types\/page"}],"author":[{"embeddable":true,"href":"https:\/\/staging25.judith-eggers.de\/index.php\/wp-json\/wp\/v2\/users\/1"}],"replies":[{"embeddable":true,"href":"https:\/\/staging25.judith-eggers.de\/index.php\/wp-json\/wp\/v2\/comments?post=219605"}],"version-history":[{"count":0,"href":"https:\/\/staging25.judith-eggers.de\/index.php\/wp-json\/wp\/v2\/pages\/219605\/revisions"}],"wp:attachment":[{"href":"https:\/\/staging25.judith-eggers.de\/index.php\/wp-json\/wp\/v2\/media?parent=219605"}],"curies":[{"name":"wp","href":"https:\/\/api.w.org\/{rel}","templated":true}]}}